{"id":254,"date":"2024-11-27T15:20:35","date_gmt":"2024-11-27T13:20:35","guid":{"rendered":"https:\/\/protectieelectrosmog5g.ro\/?post_type=product&#038;p=254"},"modified":"2026-03-23T16:18:27","modified_gmt":"2026-03-23T14:18:27","slug":"card-de-protectie-5g-alb","status":"publish","type":"product","link":"https:\/\/protectieelectrosmog5g.ro\/it\/prodotto\/card-de-protectie-5g-alb\/","title":{"rendered":"CARTA DI PROTEZIONE 5G \u2013 Bianca"},"content":{"rendered":"<p>Con l&#039;introduzione della 5G Protection Card, vi offriamo la soluzione ideale per proteggere i vostri dispositivi digitali da radiazioni e inquinamento elettromagnetico anche quando utilizzate le reti 5G. Grazie alle dimensioni di una carta di credito e al design pratico, \u00e8 facile da maneggiare: basta posizionarla tra il dispositivo e la custodia protettiva e siete pronti all&#039;uso!<\/p>\n<p>Il dispositivo 5G Protection Card \u00e8 stato sviluppato per mitigare gli effetti nocivi delle radiazioni elettromagnetiche provenienti da fonti ad alta frequenza, come le reti 5G.\u00a0<strong>Pu\u00f2 bloccare le radiazioni 70-90%, contribuendo a proteggere la salute e a ridurre l&#039;esposizione ai campi elettromagnetici nocivi.<\/strong><\/p>\n<p>Il dispositivo \u00e8 disponibile in diversi colori, cos\u00ec ognuno pu\u00f2 scegliere quello pi\u00f9 adatto al proprio stile. Pu\u00f2 essere facilmente posizionato sul telefono o su qualsiasi altro dispositivo elettronico. Per utilizzare la scheda non \u00e8 richiesta alcuna batteria o ricarica aggiuntiva e non influisce sulla potenza del segnale o sulle prestazioni del telefono. Ci\u00f2 lo rende di gran lunga superiore alle tecniche di ombreggiatura.<\/p>\n<p><strong>Utilizzando il dispositivo \u00e8 possibile ridurre efficacemente l&#039;impatto negativo delle radiazioni elettromagnetiche sul corpo umano.<\/strong>\u00a0Grazie al design compatto e alla facile installazione, pu\u00f2 essere utilizzato ovunque, garantendo una protezione continua dalle radiazioni nocive. Il dispositivo \u00e8 inoltre estremamente durevole, garantendo la sua protezione per anni.<\/p>\n<p><strong>Riduce le radiazioni ad alta frequenza da smartphone, tablet, laptop e computer fino alle reti 5g<\/strong><br \/>\n<strong>\u2022 Le dimensioni di una carta di credito<\/strong><br \/>\n<strong>\u2022 La scheda di protezione 5G pu\u00f2 essere utilizzata posizionandola tra la custodia del telefono e il dispositivo digitale<\/strong><\/p>\n<p>Dimensioni tessera CR80 85,6 x 54 mm. Materiale di base: PVC da 0,76 mm (30 mm + principio attivo), superficie lucida, con laminazione impermeabile, stampa a colori fronte-retro (4+4 C).<\/p>\n<p><strong>CERTIFICATI ACCREDITATI E INDIPENDENTI:<\/strong><\/p>\n<p>Sulla base dei risultati dei test indipendenti condotti sulla scheda di protezione 5G,\u00a0<strong>\u00c8 stato dimostrato che la scheda riduce l&#039;esposizione alle frequenze 2G, 3G, 4G e 5G con 70-90%.<\/strong>\u00a0Puoi stare tranquillo sapendo che ti proteggeremo mentre rimani connesso al mondo che ti circonda.<\/p>\n<p>I test sono stati condotti in un ambiente neutro, nel laboratorio Verkotan, dove sono stati misurati dati precisi.\u00a0<strong>.<\/strong><\/p>\n<p>Gli scienziati e i fisici del laboratorio Verkotan dispongono di tecnologie, sistemi di misurazione e conoscenze di livello mondiale. Anche i dispositivi Nokia sono stati misurati e testati in condizioni di laboratorio analoghe.<\/p>","protected":false},"excerpt":{"rendered":"<p>Proteggere il telefono dall&#039;inquinamento elettromagnetico<\/p>","protected":false},"featured_media":303,"comment_status":"closed","ping_status":"closed","template":"","meta":[],"product_brand":[],"product_cat":[19],"product_tag":[17],"class_list":{"0":"post-254","1":"product","2":"type-product","3":"status-publish","4":"has-post-thumbnail","6":"product_cat-protectie-5g","7":"product_tag-protectie-5g","9":"first","10":"instock","11":"taxable","12":"shipping-taxable","13":"purchasable","14":"product-type-simple"},"aioseo_notices":[],"aioseo_head":"\n\t\t<!-- All in One SEO Pro 4.9.6 - aioseo.com -->\n\t<meta name=\"description\" content=\"Protec\u021bia telefonului de poluare electromagnetica\" \/>\n\t<meta name=\"robots\" content=\"max-image-preview:large\" \/>\n\t<link rel=\"canonical\" href=\"https:\/\/protectieelectrosmog5g.ro\/it\/prodotto\/card-de-protectie-5g-alb\/\" \/>\n\t<meta name=\"generator\" content=\"All in One SEO Pro (AIOSEO) 4.9.6\" \/>\n\t\t<meta property=\"og:locale\" content=\"it_IT\" \/>\n\t\t<meta property=\"og:site_name\" content=\"Protec\u021bie Electrosmog 5G -\" \/>\n\t\t<meta property=\"og:type\" content=\"article\" \/>\n\t\t<meta property=\"og:title\" content=\"CARD DE PROTEC\u021aIE 5G \u2013 Alb - Protec\u021bie Electrosmog 5G\" \/>\n\t\t<meta property=\"og:description\" content=\"Protec\u021bia telefonului de poluare electromagnetica\" \/>\n\t\t<meta property=\"og:url\" content=\"https:\/\/protectieelectrosmog5g.ro\/it\/prodotto\/card-de-protectie-5g-alb\/\" \/>\n\t\t<meta property=\"article:published_time\" content=\"2024-11-27T13:20:35+00:00\" \/>\n\t\t<meta property=\"article:modified_time\" content=\"2026-03-23T14:18:27+00:00\" \/>\n\t\t<meta property=\"article:publisher\" content=\"https:\/\/www.facebook.com\/HepigenetixRomania\" \/>\n\t\t<meta name=\"twitter:card\" content=\"summary_large_image\" \/>\n\t\t<meta name=\"twitter:title\" content=\"CARD DE PROTEC\u021aIE 5G \u2013 Alb - Protec\u021bie Electrosmog 5G\" \/>\n\t\t<meta name=\"twitter:description\" content=\"Protec\u021bia telefonului de poluare electromagnetica\" \/>\n\t\t<script type=\"application\/ld+json\" class=\"aioseo-schema\">\n\t\t\t{\"@context\":\"https:\\\/\\\/schema.org\",\"@graph\":[{\"@type\":\"BreadcrumbList\",\"@id\":\"https:\\\/\\\/protectieelectrosmog5g.ro\\\/it\\\/prodotto\\\/card-de-protectie-5g-alb\\\/#breadcrumblist\",\"itemListElement\":[{\"@type\":\"ListItem\",\"@id\":\"https:\\\/\\\/protectieelectrosmog5g.ro\\\/it#listItem\",\"position\":1,\"name\":\"Home\",\"item\":\"https:\\\/\\\/protectieelectrosmog5g.ro\\\/it\",\"nextItem\":{\"@type\":\"ListItem\",\"@id\":\"https:\\\/\\\/protectieelectrosmog5g.ro\\\/it\\\/produse\\\/#listItem\",\"name\":\"Produse\"}},{\"@type\":\"ListItem\",\"@id\":\"https:\\\/\\\/protectieelectrosmog5g.ro\\\/it\\\/produse\\\/#listItem\",\"position\":2,\"name\":\"Produse\",\"item\":\"https:\\\/\\\/protectieelectrosmog5g.ro\\\/it\\\/produse\\\/\",\"nextItem\":{\"@type\":\"ListItem\",\"@id\":\"https:\\\/\\\/protectieelectrosmog5g.ro\\\/it\\\/categoria-prodotto\\\/protectie-5g\\\/#listItem\",\"name\":\"Protec\\u021bie 5G\"},\"previousItem\":{\"@type\":\"ListItem\",\"@id\":\"https:\\\/\\\/protectieelectrosmog5g.ro\\\/it#listItem\",\"name\":\"Home\"}},{\"@type\":\"ListItem\",\"@id\":\"https:\\\/\\\/protectieelectrosmog5g.ro\\\/it\\\/categoria-prodotto\\\/protectie-5g\\\/#listItem\",\"position\":3,\"name\":\"Protec\\u021bie 5G\",\"item\":\"https:\\\/\\\/protectieelectrosmog5g.ro\\\/it\\\/categoria-prodotto\\\/protectie-5g\\\/\",\"nextItem\":{\"@type\":\"ListItem\",\"@id\":\"https:\\\/\\\/protectieelectrosmog5g.ro\\\/it\\\/prodotto\\\/card-de-protectie-5g-alb\\\/#listItem\",\"name\":\"CARD DE PROTEC\\u021aIE 5G &#8211; Alb\"},\"previousItem\":{\"@type\":\"ListItem\",\"@id\":\"https:\\\/\\\/protectieelectrosmog5g.ro\\\/it\\\/produse\\\/#listItem\",\"name\":\"Produse\"}},{\"@type\":\"ListItem\",\"@id\":\"https:\\\/\\\/protectieelectrosmog5g.ro\\\/it\\\/prodotto\\\/card-de-protectie-5g-alb\\\/#listItem\",\"position\":4,\"name\":\"CARD DE PROTEC\\u021aIE 5G &#8211; Alb\",\"previousItem\":{\"@type\":\"ListItem\",\"@id\":\"https:\\\/\\\/protectieelectrosmog5g.ro\\\/it\\\/categoria-prodotto\\\/protectie-5g\\\/#listItem\",\"name\":\"Protec\\u021bie 5G\"}}]},{\"@type\":\"Organization\",\"@id\":\"https:\\\/\\\/protectieelectrosmog5g.ro\\\/it\\\/#organization\",\"name\":\"Protec\\u021bie Electrosmog 5G\",\"url\":\"https:\\\/\\\/protectieelectrosmog5g.ro\\\/it\\\/\",\"telephone\":\"+40744546407\",\"sameAs\":[\"https:\\\/\\\/www.facebook.com\\\/HepigenetixRomania\",\"https:\\\/\\\/www.instagram.com\\\/hepigenetix\\\/\"]},{\"@type\":\"Product\",\"@id\":\"https:\\\/\\\/protectieelectrosmog5g.ro\\\/it\\\/prodotto\\\/card-de-protectie-5g-alb\\\/#wooCommerceProduct\",\"name\":\"CARD DE PROTEC\\u021aIE 5G - Alb\",\"description\":\"Protec\\u021bia telefonului de poluare electromagnetica\",\"url\":\"https:\\\/\\\/protectieelectrosmog5g.ro\\\/it\\\/prodotto\\\/card-de-protectie-5g-alb\\\/\",\"image\":{\"@type\":\"ImageObject\",\"url\":\"https:\\\/\\\/protectieelectrosmog5g.ro\\\/wp-content\\\/uploads\\\/2024\\\/11\\\/5gsavecard-white_small.png\",\"@id\":\"https:\\\/\\\/protectieelectrosmog5g.ro\\\/it\\\/prodotto\\\/card-de-protectie-5g-alb\\\/#productImage\",\"width\":500,\"height\":500,\"caption\":\"CARD DE PROTEC\\u021aIE 5G \\u2013 Alb\"},\"offers\":{\"@type\":\"Offer\",\"url\":\"https:\\\/\\\/protectieelectrosmog5g.ro\\\/it\\\/prodotto\\\/card-de-protectie-5g-alb\\\/#wooCommerceOffer\",\"price\":1000,\"priceCurrency\":\"RON\",\"category\":\"Protec\\u021bie 5G\",\"availability\":\"https:\\\/\\\/schema.org\\\/InStock\",\"priceSpecification\":{\"@type\":\"PriceSpecification\",\"price\":1000,\"priceCurrency\":\"RON\",\"valueAddedTaxIncluded\":\"true\"},\"seller\":{\"@type\":\"Organization\",\"@id\":\"https:\\\/\\\/protectieelectrosmog5g.ro\\\/it\\\/#organization\"}}},{\"@type\":\"WebPage\",\"@id\":\"https:\\\/\\\/protectieelectrosmog5g.ro\\\/it\\\/prodotto\\\/card-de-protectie-5g-alb\\\/#webpage\",\"url\":\"https:\\\/\\\/protectieelectrosmog5g.ro\\\/it\\\/prodotto\\\/card-de-protectie-5g-alb\\\/\",\"name\":\"CARD DE PROTEC\\u021aIE 5G \\u2013 Alb - Protec\\u021bie Electrosmog 5G\",\"description\":\"Protec\\u021bia telefonului de poluare electromagnetica\",\"inLanguage\":\"it-IT\",\"isPartOf\":{\"@id\":\"https:\\\/\\\/protectieelectrosmog5g.ro\\\/it\\\/#website\"},\"breadcrumb\":{\"@id\":\"https:\\\/\\\/protectieelectrosmog5g.ro\\\/it\\\/prodotto\\\/card-de-protectie-5g-alb\\\/#breadcrumblist\"},\"image\":{\"@type\":\"ImageObject\",\"url\":\"https:\\\/\\\/protectieelectrosmog5g.ro\\\/wp-content\\\/uploads\\\/2024\\\/11\\\/5gsavecard-white_small.png\",\"@id\":\"https:\\\/\\\/protectieelectrosmog5g.ro\\\/it\\\/prodotto\\\/card-de-protectie-5g-alb\\\/#mainImage\",\"width\":500,\"height\":500,\"caption\":\"CARD DE PROTEC\\u021aIE 5G \\u2013 Alb\"},\"primaryImageOfPage\":{\"@id\":\"https:\\\/\\\/protectieelectrosmog5g.ro\\\/it\\\/prodotto\\\/card-de-protectie-5g-alb\\\/#mainImage\"},\"datePublished\":\"2024-11-27T15:20:35+02:00\",\"dateModified\":\"2026-03-23T16:18:27+02:00\"},{\"@type\":\"WebSite\",\"@id\":\"https:\\\/\\\/protectieelectrosmog5g.ro\\\/it\\\/#website\",\"url\":\"https:\\\/\\\/protectieelectrosmog5g.ro\\\/it\\\/\",\"name\":\"Protec\\u021bie Electrosmog 5G\",\"inLanguage\":\"it-IT\",\"publisher\":{\"@id\":\"https:\\\/\\\/protectieelectrosmog5g.ro\\\/it\\\/#organization\"}}]}\n\t\t<\/script>\n\t\t<!-- All in One SEO Pro -->\r\n\t\t<title>CARD DE PROTEC\u021aIE 5G \u2013 Alb - Protec\u021bie Electrosmog 5G<\/title>\n\n","aioseo_head_json":{"title":"CARD DE PROTEC\u021aIE 5G \u2013 Alb - Protec\u021bie Electrosmog 5G","description":"Proteggere il telefono dall&#039;inquinamento elettromagnetico","canonical_url":"https:\/\/protectieelectrosmog5g.ro\/it\/prodotto\/card-de-protectie-5g-alb\/","robots":"max-image-preview:large","keywords":"","webmasterTools":{"miscellaneous":""},"schema":{"@context":"https:\/\/schema.org","@graph":[{"@type":"BreadcrumbList","@id":"https:\/\/protectieelectrosmog5g.ro\/it\/prodotto\/card-de-protectie-5g-alb\/#breadcrumblist","itemListElement":[{"@type":"ListItem","@id":"https:\/\/protectieelectrosmog5g.ro\/it#listItem","position":1,"name":"Home","item":"https:\/\/protectieelectrosmog5g.ro\/it","nextItem":{"@type":"ListItem","@id":"https:\/\/protectieelectrosmog5g.ro\/it\/produse\/#listItem","name":"Produse"}},{"@type":"ListItem","@id":"https:\/\/protectieelectrosmog5g.ro\/it\/produse\/#listItem","position":2,"name":"Produse","item":"https:\/\/protectieelectrosmog5g.ro\/it\/produse\/","nextItem":{"@type":"ListItem","@id":"https:\/\/protectieelectrosmog5g.ro\/it\/categoria-prodotto\/protectie-5g\/#listItem","name":"Protec\u021bie 5G"},"previousItem":{"@type":"ListItem","@id":"https:\/\/protectieelectrosmog5g.ro\/it#listItem","name":"Home"}},{"@type":"ListItem","@id":"https:\/\/protectieelectrosmog5g.ro\/it\/categoria-prodotto\/protectie-5g\/#listItem","position":3,"name":"Protec\u021bie 5G","item":"https:\/\/protectieelectrosmog5g.ro\/it\/categoria-prodotto\/protectie-5g\/","nextItem":{"@type":"ListItem","@id":"https:\/\/protectieelectrosmog5g.ro\/it\/prodotto\/card-de-protectie-5g-alb\/#listItem","name":"CARD DE PROTEC\u021aIE 5G &#8211; Alb"},"previousItem":{"@type":"ListItem","@id":"https:\/\/protectieelectrosmog5g.ro\/it\/produse\/#listItem","name":"Produse"}},{"@type":"ListItem","@id":"https:\/\/protectieelectrosmog5g.ro\/it\/prodotto\/card-de-protectie-5g-alb\/#listItem","position":4,"name":"CARD DE PROTEC\u021aIE 5G &#8211; Alb","previousItem":{"@type":"ListItem","@id":"https:\/\/protectieelectrosmog5g.ro\/it\/categoria-prodotto\/protectie-5g\/#listItem","name":"Protec\u021bie 5G"}}]},{"@type":"Organization","@id":"https:\/\/protectieelectrosmog5g.ro\/it\/#organization","name":"Protec\u021bie Electrosmog 5G","url":"https:\/\/protectieelectrosmog5g.ro\/it\/","telephone":"+40744546407","sameAs":["https:\/\/www.facebook.com\/HepigenetixRomania","https:\/\/www.instagram.com\/hepigenetix\/"]},{"@type":"Product","@id":"https:\/\/protectieelectrosmog5g.ro\/it\/prodotto\/card-de-protectie-5g-alb\/#wooCommerceProduct","name":"CARD DE PROTEC\u021aIE 5G - Alb","description":"Protec\u021bia telefonului de poluare electromagnetica","url":"https:\/\/protectieelectrosmog5g.ro\/it\/prodotto\/card-de-protectie-5g-alb\/","image":{"@type":"ImageObject","url":"https:\/\/protectieelectrosmog5g.ro\/wp-content\/uploads\/2024\/11\/5gsavecard-white_small.png","@id":"https:\/\/protectieelectrosmog5g.ro\/it\/prodotto\/card-de-protectie-5g-alb\/#productImage","width":500,"height":500,"caption":"CARD DE PROTEC\u021aIE 5G \u2013 Alb"},"offers":{"@type":"Offer","url":"https:\/\/protectieelectrosmog5g.ro\/it\/prodotto\/card-de-protectie-5g-alb\/#wooCommerceOffer","price":1000,"priceCurrency":"RON","category":"Protec\u021bie 5G","availability":"https:\/\/schema.org\/InStock","priceSpecification":{"@type":"PriceSpecification","price":1000,"priceCurrency":"RON","valueAddedTaxIncluded":"true"},"seller":{"@type":"Organization","@id":"https:\/\/protectieelectrosmog5g.ro\/it\/#organization"}}},{"@type":"WebPage","@id":"https:\/\/protectieelectrosmog5g.ro\/it\/prodotto\/card-de-protectie-5g-alb\/#webpage","url":"https:\/\/protectieelectrosmog5g.ro\/it\/prodotto\/card-de-protectie-5g-alb\/","name":"CARD DE PROTEC\u021aIE 5G \u2013 Alb - Protec\u021bie Electrosmog 5G","description":"Protec\u021bia telefonului de poluare electromagnetica","inLanguage":"it-IT","isPartOf":{"@id":"https:\/\/protectieelectrosmog5g.ro\/it\/#website"},"breadcrumb":{"@id":"https:\/\/protectieelectrosmog5g.ro\/it\/prodotto\/card-de-protectie-5g-alb\/#breadcrumblist"},"image":{"@type":"ImageObject","url":"https:\/\/protectieelectrosmog5g.ro\/wp-content\/uploads\/2024\/11\/5gsavecard-white_small.png","@id":"https:\/\/protectieelectrosmog5g.ro\/it\/prodotto\/card-de-protectie-5g-alb\/#mainImage","width":500,"height":500,"caption":"CARD DE PROTEC\u021aIE 5G \u2013 Alb"},"primaryImageOfPage":{"@id":"https:\/\/protectieelectrosmog5g.ro\/it\/prodotto\/card-de-protectie-5g-alb\/#mainImage"},"datePublished":"2024-11-27T15:20:35+02:00","dateModified":"2026-03-23T16:18:27+02:00"},{"@type":"WebSite","@id":"https:\/\/protectieelectrosmog5g.ro\/it\/#website","url":"https:\/\/protectieelectrosmog5g.ro\/it\/","name":"Protec\u021bie Electrosmog 5G","inLanguage":"it-IT","publisher":{"@id":"https:\/\/protectieelectrosmog5g.ro\/it\/#organization"}}]},"og:locale":"it_IT","og:site_name":"Protec\u021bie Electrosmog 5G -","og:type":"article","og:title":"CARD DE PROTEC\u021aIE 5G \u2013 Alb - Protec\u021bie Electrosmog 5G","og:description":"Protec\u021bia telefonului de poluare electromagnetica","og:url":"https:\/\/protectieelectrosmog5g.ro\/it\/prodotto\/card-de-protectie-5g-alb\/","article:published_time":"2024-11-27T13:20:35+00:00","article:modified_time":"2026-03-23T14:18:27+00:00","article:publisher":"https:\/\/www.facebook.com\/HepigenetixRomania","twitter:card":"summary_large_image","twitter:title":"CARD DE PROTEC\u021aIE 5G \u2013 Alb - Protec\u021bie Electrosmog 5G","twitter:description":"Protec\u021bia telefonului de poluare electromagnetica"},"aioseo_meta_data":{"post_id":"254","title":"#post_title #separator_sa #site_title","description":"#post_excerpt","keywords":null,"keyphrases":{"focus":{"keyphrase":"","score":0,"analysis":{"keyphraseInTitle":{"score":0,"maxScore":9,"error":1}}},"additional":[]},"primary_term":null,"canonical_url":null,"og_title":null,"og_description":null,"og_object_type":"default","og_image_type":"default","og_image_url":null,"og_image_width":null,"og_image_height":null,"og_image_custom_url":null,"og_image_custom_fields":null,"og_video":"","og_custom_url":null,"og_article_section":null,"og_article_tags":null,"twitter_use_og":false,"twitter_card":"default","twitter_image_type":"default","twitter_image_url":null,"twitter_image_custom_url":null,"twitter_image_custom_fields":null,"twitter_title":null,"twitter_description":null,"schema":{"blockGraphs":[],"customGraphs":[],"default":{"data":{"Article":[],"Course":[],"Dataset":[],"FAQPage":[],"Movie":[],"Person":[],"Product":[],"ProductReview":[],"Car":[],"Recipe":[],"Service":[],"SoftwareApplication":[],"WebPage":[]},"graphName":"Product","isEnabled":true},"graphs":[]},"schema_type":"default","schema_type_options":null,"pillar_content":false,"robots_default":true,"robots_noindex":false,"robots_noarchive":false,"robots_nosnippet":false,"robots_nofollow":false,"robots_noimageindex":false,"robots_noodp":false,"robots_notranslate":false,"robots_max_snippet":"-1","robots_max_videopreview":"-1","robots_max_imagepreview":"large","priority":null,"frequency":"default","local_seo":null,"seo_analyzer_scan_date":"2026-03-24 07:19:43","breadcrumb_settings":null,"limit_modified_date":false,"open_ai":"{\"title\":{\"suggestions\":[],\"usage\":0},\"description\":{\"suggestions\":[],\"usage\":0}}","ai":null,"created":"2025-02-12 10:03:34","updated":"2026-03-24 07:19:43"},"aioseo_breadcrumb":"<div class=\"aioseo-breadcrumbs\"><span class=\"aioseo-breadcrumb\">\n\t<a href=\"https:\/\/protectieelectrosmog5g.ro\/it\" title=\"Home\">Home<\/a>\n<\/span><span class=\"aioseo-breadcrumb-separator\">&raquo;<\/span><span class=\"aioseo-breadcrumb\">\n\t<a href=\"https:\/\/protectieelectrosmog5g.ro\/it\/produse\/\" title=\"Produse\">Produse<\/a>\n<\/span><span class=\"aioseo-breadcrumb-separator\">&raquo;<\/span><span class=\"aioseo-breadcrumb\">\n\t<a href=\"https:\/\/protectieelectrosmog5g.ro\/it\/categoria-prodotto\/protectie-5g\/\" title=\"Protec\u021bie 5G\">Protec\u021bie 5G<\/a>\n<\/span><span class=\"aioseo-breadcrumb-separator\">&raquo;<\/span><span class=\"aioseo-breadcrumb\">\n\tCARD DE PROTEC\u021aIE 5G \u2013 Alb\n<\/span><\/div>","aioseo_breadcrumb_json":[{"label":"Home","link":"https:\/\/protectieelectrosmog5g.ro\/it"},{"label":"Produse","link":"https:\/\/protectieelectrosmog5g.ro\/it\/produse\/"},{"label":"Protec\u021bie 5G","link":"https:\/\/protectieelectrosmog5g.ro\/it\/categoria-prodotto\/protectie-5g\/"},{"label":"CARD DE PROTEC\u021aIE 5G &#8211; Alb","link":"https:\/\/protectieelectrosmog5g.ro\/it\/prodotto\/card-de-protectie-5g-alb\/"}],"_links":{"self":[{"href":"https:\/\/protectieelectrosmog5g.ro\/it\/wp-json\/wp\/v2\/product\/254","targetHints":{"allow":["GET"]}}],"collection":[{"href":"https:\/\/protectieelectrosmog5g.ro\/it\/wp-json\/wp\/v2\/product"}],"about":[{"href":"https:\/\/protectieelectrosmog5g.ro\/it\/wp-json\/wp\/v2\/types\/product"}],"replies":[{"embeddable":true,"href":"https:\/\/protectieelectrosmog5g.ro\/it\/wp-json\/wp\/v2\/comments?post=254"}],"wp:featuredmedia":[{"embeddable":true,"href":"https:\/\/protectieelectrosmog5g.ro\/it\/wp-json\/wp\/v2\/media\/303"}],"wp:attachment":[{"href":"https:\/\/protectieelectrosmog5g.ro\/it\/wp-json\/wp\/v2\/media?parent=254"}],"wp:term":[{"taxonomy":"product_brand","embeddable":true,"href":"https:\/\/protectieelectrosmog5g.ro\/it\/wp-json\/wp\/v2\/product_brand?post=254"},{"taxonomy":"product_cat","embeddable":true,"href":"https:\/\/protectieelectrosmog5g.ro\/it\/wp-json\/wp\/v2\/product_cat?post=254"},{"taxonomy":"product_tag","embeddable":true,"href":"https:\/\/protectieelectrosmog5g.ro\/it\/wp-json\/wp\/v2\/product_tag?post=254"}],"curies":[{"name":"wp","href":"https:\/\/api.w.org\/{rel}","templated":true}]}}