{"id":254,"date":"2024-11-27T15:20:35","date_gmt":"2024-11-27T13:20:35","guid":{"rendered":"https:\/\/protectieelectrosmog5g.ro\/?post_type=product&#038;p=254"},"modified":"2026-03-23T16:18:27","modified_gmt":"2026-03-23T14:18:27","slug":"card-de-protectie-5g-alb","status":"publish","type":"product","link":"https:\/\/protectieelectrosmog5g.ro\/hu\/termek\/card-de-protectie-5g-alb\/","title":{"rendered":"5G V\u00c9D\u0150K\u00c1RTYA \u2013 Feh\u00e9r"},"content":{"rendered":"<p>Az 5G Protection Card bevezet\u00e9s\u00e9vel ide\u00e1lis megold\u00e1st ny\u00fajtunk \u00d6nnek, amellyel 5G h\u00e1l\u00f3zatok haszn\u00e1lata eset\u00e9n is megv\u00e9dheti digit\u00e1lis eszk\u00f6zeit a sug\u00e1rz\u00e1st\u00f3l \u00e9s az elektrom\u00e1gneses szennyez\u0151d\u00e9st\u0151l. A bankk\u00e1rtya m\u00e9ret\u00e9nek \u00e9s k\u00e9nyelmes kialak\u00edt\u00e1s\u00e1nak k\u00f6sz\u00f6nhet\u0151en k\u00f6nnyen kezelhet\u0151: egyszer\u0171en helyezze k\u00e9sz\u00fcl\u00e9ke \u00e9s a v\u00e9d\u0151tok k\u00f6z\u00e9, \u00e9s m\u00e1ris haszn\u00e1lhat\u00f3!<\/p>\n<p>Az 5G Protection Card eszk\u00f6zt a nagyfrekvenci\u00e1s forr\u00e1sokb\u00f3l, p\u00e9ld\u00e1ul 5G h\u00e1l\u00f3zatokb\u00f3l sz\u00e1rmaz\u00f3 elektrom\u00e1gneses sug\u00e1rz\u00e1s k\u00e1ros hat\u00e1sainak m\u00e9rs\u00e9kl\u00e9s\u00e9re fejlesztett\u00e9k ki.\u00a0<strong>K\u00e9pes blokkolni a 70-90%-t a sug\u00e1rz\u00e1st\u00f3l, ami seg\u00edt megv\u00e9deni eg\u00e9szs\u00e9g\u00e9t \u00e9s cs\u00f6kkenti a k\u00e1ros elektrom\u00e1gneses mez\u0151knek val\u00f3 kitetts\u00e9get.<\/strong><\/p>\n<p>A k\u00e9sz\u00fcl\u00e9k t\u00f6bbf\u00e9le sz\u00ednben kaphat\u00f3, \u00edgy mindenki kiv\u00e1laszthatja a st\u00edlus\u00e1hoz ill\u0151t. K\u00f6nnyed\u00e9n felhelyezhet\u0151 telefonj\u00e1ra vagy b\u00e1rmilyen m\u00e1s elektronikus eszk\u00f6zre. A k\u00e1rtya haszn\u00e1lat\u00e1hoz nincs sz\u00fcks\u00e9g m\u00e1s akkumul\u00e1torra vagy t\u00f6lt\u00e9sre, \u00e9s ez nem befoly\u00e1solja a telefon jeler\u0151ss\u00e9g\u00e9t vagy teljes\u00edtm\u00e9ny\u00e9t. Ez messze fel\u00fclm\u00falja az \u00e1rny\u00e9kol\u00e1si technik\u00e1kat.<\/p>\n<p><strong>A k\u00e9sz\u00fcl\u00e9k haszn\u00e1lat\u00e1val hat\u00e9konyan cs\u00f6kkentheti az elektrom\u00e1gneses sug\u00e1rz\u00e1s emberi szervezetre gyakorolt negat\u00edv hat\u00e1s\u00e1t.<\/strong>\u00a0Kompakt kialak\u00edt\u00e1s\u00e1nak \u00e9s k\u00f6nny\u0171 szerelhet\u0151s\u00e9g\u00e9nek k\u00f6sz\u00f6nhet\u0151en b\u00e1rhol haszn\u00e1lhat\u00f3, folyamatos v\u00e9delmet biztos\u00edtva a k\u00e1ros sug\u00e1rz\u00e1sokkal szemben. A k\u00e9sz\u00fcl\u00e9k emellett rendk\u00edv\u00fcl strapab\u00edr\u00f3, \u00edgy \u00e9vekig biztos\u00edtja a v\u00e9delm\u00e9t.<\/p>\n<p><strong>Cs\u00f6kkenti az okostelefonok, t\u00e1blag\u00e9pek, laptopok \u00e9s sz\u00e1m\u00edt\u00f3g\u00e9pek nagyfrekvenci\u00e1s sug\u00e1rz\u00e1s\u00e1t 5g h\u00e1l\u00f3zatig<\/strong><br \/>\n<strong>\u2022 A bankk\u00e1rtya m\u00e9rete<\/strong><br \/>\n<strong>\u2022 Az 5G v\u00e9d\u0151k\u00e1rtya a telefontok \u00e9s a digit\u00e1lis eszk\u00f6z k\u00f6z\u00e9 helyezve haszn\u00e1lhat\u00f3<\/strong><\/p>\n<p>CR80 k\u00e1rtya m\u00e9rete 85,6 x 54 mm. Alapanyag: 0,76 mm PVC (30 mm + hat\u00f3anyag), f\u00e9nyes fel\u00fclet\u0171, v\u00edz\u00e1ll\u00f3 lamin\u00e1l\u00e1ssal, k\u00e9toldalas sz\u00ednes nyomtat\u00e1ssal (4+4 C).<\/p>\n<p><strong>AKREDIT\u00c1LT, F\u00dcGGETLEN TAN\u00daS\u00cdTV\u00c1NYOK:<\/strong><\/p>\n<p>Az 5G v\u00e9delmi k\u00e1rty\u00e1n v\u00e9gzett f\u00fcggetlen tesztek eredm\u00e9nyei alapj\u00e1n\u00a0<strong>A k\u00e1rtya bizony\u00edtottan cs\u00f6kkenti a 2G, 3G, 4G \u00e9s 5G frekvenci\u00e1knak val\u00f3 kitetts\u00e9get a 70-90% seg\u00edts\u00e9g\u00e9vel.<\/strong>\u00a0Nyugodtan tudhatja, hogy mi megv\u00e9dj\u00fck, mik\u00f6zben kapcsolatban marad a k\u00f6r\u00fcl\u00f6tte l\u00e9v\u0151 vil\u00e1ggal.<\/p>\n<p>A teszteket semleges k\u00f6rnyezetben, a Verkotan laborat\u00f3riumban v\u00e9gezt\u00e9k, ahol pontos adatokat m\u00e9rtek.\u00a0<strong>.<\/strong><\/p>\n<p>A Verkotan laborat\u00f3rium tud\u00f3sai \u00e9s fizikusai vil\u00e1gsz\u00ednvonal\u00fa technol\u00f3gi\u00e1kkal, m\u00e9r\u00e9si rendszerekkel \u00e9s tud\u00e1ssal rendelkeznek. A Nokia k\u00e9sz\u00fcl\u00e9keket is m\u00e9rt\u00e9k \u00e9s tesztelt\u00e9k ilyen laborat\u00f3riumi k\u00f6r\u00fclm\u00e9nyek k\u00f6z\u00f6tt.<\/p>","protected":false},"excerpt":{"rendered":"<p>A telefon v\u00e9delme az elektrom\u00e1gneses szennyez\u0151d\u00e9st\u0151l<\/p>","protected":false},"featured_media":303,"comment_status":"closed","ping_status":"closed","template":"","meta":[],"product_brand":[],"product_cat":[19],"product_tag":[17],"class_list":{"0":"post-254","1":"product","2":"type-product","3":"status-publish","4":"has-post-thumbnail","6":"product_cat-protectie-5g","7":"product_tag-protectie-5g","9":"first","10":"instock","11":"taxable","12":"shipping-taxable","13":"purchasable","14":"product-type-simple"},"aioseo_notices":[],"aioseo_head":"\n\t\t<!-- All in One SEO Pro 4.9.6 - aioseo.com -->\n\t<meta name=\"description\" content=\"Protec\u021bia telefonului de poluare electromagnetica\" \/>\n\t<meta name=\"robots\" content=\"max-image-preview:large\" \/>\n\t<link rel=\"canonical\" href=\"https:\/\/protectieelectrosmog5g.ro\/hu\/termek\/card-de-protectie-5g-alb\/\" \/>\n\t<meta name=\"generator\" content=\"All in One SEO Pro (AIOSEO) 4.9.6\" \/>\n\t\t<meta property=\"og:locale\" content=\"hu_HU\" \/>\n\t\t<meta property=\"og:site_name\" content=\"Protec\u021bie Electrosmog 5G -\" \/>\n\t\t<meta property=\"og:type\" content=\"article\" \/>\n\t\t<meta property=\"og:title\" content=\"CARD DE PROTEC\u021aIE 5G \u2013 Alb - Protec\u021bie Electrosmog 5G\" \/>\n\t\t<meta property=\"og:description\" content=\"Protec\u021bia telefonului de poluare electromagnetica\" \/>\n\t\t<meta property=\"og:url\" content=\"https:\/\/protectieelectrosmog5g.ro\/hu\/termek\/card-de-protectie-5g-alb\/\" \/>\n\t\t<meta property=\"article:published_time\" content=\"2024-11-27T13:20:35+00:00\" \/>\n\t\t<meta property=\"article:modified_time\" content=\"2026-03-23T14:18:27+00:00\" \/>\n\t\t<meta property=\"article:publisher\" content=\"https:\/\/www.facebook.com\/HepigenetixRomania\" \/>\n\t\t<meta name=\"twitter:card\" content=\"summary_large_image\" \/>\n\t\t<meta name=\"twitter:title\" content=\"CARD DE PROTEC\u021aIE 5G \u2013 Alb - Protec\u021bie Electrosmog 5G\" \/>\n\t\t<meta name=\"twitter:description\" content=\"Protec\u021bia telefonului de poluare electromagnetica\" \/>\n\t\t<script type=\"application\/ld+json\" class=\"aioseo-schema\">\n\t\t\t{\"@context\":\"https:\\\/\\\/schema.org\",\"@graph\":[{\"@type\":\"BreadcrumbList\",\"@id\":\"https:\\\/\\\/protectieelectrosmog5g.ro\\\/hu\\\/termek\\\/card-de-protectie-5g-alb\\\/#breadcrumblist\",\"itemListElement\":[{\"@type\":\"ListItem\",\"@id\":\"https:\\\/\\\/protectieelectrosmog5g.ro\\\/hu#listItem\",\"position\":1,\"name\":\"Home\",\"item\":\"https:\\\/\\\/protectieelectrosmog5g.ro\\\/hu\",\"nextItem\":{\"@type\":\"ListItem\",\"@id\":\"https:\\\/\\\/protectieelectrosmog5g.ro\\\/hu\\\/produse\\\/#listItem\",\"name\":\"Produse\"}},{\"@type\":\"ListItem\",\"@id\":\"https:\\\/\\\/protectieelectrosmog5g.ro\\\/hu\\\/produse\\\/#listItem\",\"position\":2,\"name\":\"Produse\",\"item\":\"https:\\\/\\\/protectieelectrosmog5g.ro\\\/hu\\\/produse\\\/\",\"nextItem\":{\"@type\":\"ListItem\",\"@id\":\"https:\\\/\\\/protectieelectrosmog5g.ro\\\/hu\\\/termekkategoria\\\/protectie-5g\\\/#listItem\",\"name\":\"Protec\\u021bie 5G\"},\"previousItem\":{\"@type\":\"ListItem\",\"@id\":\"https:\\\/\\\/protectieelectrosmog5g.ro\\\/hu#listItem\",\"name\":\"Home\"}},{\"@type\":\"ListItem\",\"@id\":\"https:\\\/\\\/protectieelectrosmog5g.ro\\\/hu\\\/termekkategoria\\\/protectie-5g\\\/#listItem\",\"position\":3,\"name\":\"Protec\\u021bie 5G\",\"item\":\"https:\\\/\\\/protectieelectrosmog5g.ro\\\/hu\\\/termekkategoria\\\/protectie-5g\\\/\",\"nextItem\":{\"@type\":\"ListItem\",\"@id\":\"https:\\\/\\\/protectieelectrosmog5g.ro\\\/hu\\\/termek\\\/card-de-protectie-5g-alb\\\/#listItem\",\"name\":\"CARD DE PROTEC\\u021aIE 5G &#8211; Alb\"},\"previousItem\":{\"@type\":\"ListItem\",\"@id\":\"https:\\\/\\\/protectieelectrosmog5g.ro\\\/hu\\\/produse\\\/#listItem\",\"name\":\"Produse\"}},{\"@type\":\"ListItem\",\"@id\":\"https:\\\/\\\/protectieelectrosmog5g.ro\\\/hu\\\/termek\\\/card-de-protectie-5g-alb\\\/#listItem\",\"position\":4,\"name\":\"CARD DE PROTEC\\u021aIE 5G &#8211; Alb\",\"previousItem\":{\"@type\":\"ListItem\",\"@id\":\"https:\\\/\\\/protectieelectrosmog5g.ro\\\/hu\\\/termekkategoria\\\/protectie-5g\\\/#listItem\",\"name\":\"Protec\\u021bie 5G\"}}]},{\"@type\":\"Organization\",\"@id\":\"https:\\\/\\\/protectieelectrosmog5g.ro\\\/hu\\\/#organization\",\"name\":\"Protec\\u021bie Electrosmog 5G\",\"url\":\"https:\\\/\\\/protectieelectrosmog5g.ro\\\/hu\\\/\",\"telephone\":\"+40744546407\",\"sameAs\":[\"https:\\\/\\\/www.facebook.com\\\/HepigenetixRomania\",\"https:\\\/\\\/www.instagram.com\\\/hepigenetix\\\/\"]},{\"@type\":\"Product\",\"@id\":\"https:\\\/\\\/protectieelectrosmog5g.ro\\\/hu\\\/termek\\\/card-de-protectie-5g-alb\\\/#wooCommerceProduct\",\"name\":\"CARD DE PROTEC\\u021aIE 5G - Alb\",\"description\":\"Protec\\u021bia telefonului de poluare electromagnetica\",\"url\":\"https:\\\/\\\/protectieelectrosmog5g.ro\\\/hu\\\/termek\\\/card-de-protectie-5g-alb\\\/\",\"image\":{\"@type\":\"ImageObject\",\"url\":\"https:\\\/\\\/protectieelectrosmog5g.ro\\\/wp-content\\\/uploads\\\/2024\\\/11\\\/5gsavecard-white_small.png\",\"@id\":\"https:\\\/\\\/protectieelectrosmog5g.ro\\\/hu\\\/termek\\\/card-de-protectie-5g-alb\\\/#productImage\",\"width\":500,\"height\":500,\"caption\":\"CARD DE PROTEC\\u021aIE 5G \\u2013 Alb\"},\"offers\":{\"@type\":\"Offer\",\"url\":\"https:\\\/\\\/protectieelectrosmog5g.ro\\\/hu\\\/termek\\\/card-de-protectie-5g-alb\\\/#wooCommerceOffer\",\"price\":1000,\"priceCurrency\":\"RON\",\"category\":\"Protec\\u021bie 5G\",\"availability\":\"https:\\\/\\\/schema.org\\\/InStock\",\"priceSpecification\":{\"@type\":\"PriceSpecification\",\"price\":1000,\"priceCurrency\":\"RON\",\"valueAddedTaxIncluded\":\"true\"},\"seller\":{\"@type\":\"Organization\",\"@id\":\"https:\\\/\\\/protectieelectrosmog5g.ro\\\/hu\\\/#organization\"}}},{\"@type\":\"WebPage\",\"@id\":\"https:\\\/\\\/protectieelectrosmog5g.ro\\\/hu\\\/termek\\\/card-de-protectie-5g-alb\\\/#webpage\",\"url\":\"https:\\\/\\\/protectieelectrosmog5g.ro\\\/hu\\\/termek\\\/card-de-protectie-5g-alb\\\/\",\"name\":\"CARD DE PROTEC\\u021aIE 5G \\u2013 Alb - Protec\\u021bie Electrosmog 5G\",\"description\":\"Protec\\u021bia telefonului de poluare electromagnetica\",\"inLanguage\":\"hu-HU\",\"isPartOf\":{\"@id\":\"https:\\\/\\\/protectieelectrosmog5g.ro\\\/hu\\\/#website\"},\"breadcrumb\":{\"@id\":\"https:\\\/\\\/protectieelectrosmog5g.ro\\\/hu\\\/termek\\\/card-de-protectie-5g-alb\\\/#breadcrumblist\"},\"image\":{\"@type\":\"ImageObject\",\"url\":\"https:\\\/\\\/protectieelectrosmog5g.ro\\\/wp-content\\\/uploads\\\/2024\\\/11\\\/5gsavecard-white_small.png\",\"@id\":\"https:\\\/\\\/protectieelectrosmog5g.ro\\\/hu\\\/termek\\\/card-de-protectie-5g-alb\\\/#mainImage\",\"width\":500,\"height\":500,\"caption\":\"CARD DE PROTEC\\u021aIE 5G \\u2013 Alb\"},\"primaryImageOfPage\":{\"@id\":\"https:\\\/\\\/protectieelectrosmog5g.ro\\\/hu\\\/termek\\\/card-de-protectie-5g-alb\\\/#mainImage\"},\"datePublished\":\"2024-11-27T15:20:35+02:00\",\"dateModified\":\"2026-03-23T16:18:27+02:00\"},{\"@type\":\"WebSite\",\"@id\":\"https:\\\/\\\/protectieelectrosmog5g.ro\\\/hu\\\/#website\",\"url\":\"https:\\\/\\\/protectieelectrosmog5g.ro\\\/hu\\\/\",\"name\":\"Protec\\u021bie Electrosmog 5G\",\"inLanguage\":\"hu-HU\",\"publisher\":{\"@id\":\"https:\\\/\\\/protectieelectrosmog5g.ro\\\/hu\\\/#organization\"}}]}\n\t\t<\/script>\n\t\t<!-- All in One SEO Pro -->\r\n\t\t<title>CARD DE PROTEC\u021aIE 5G \u2013 Alb - Protec\u021bie Electrosmog 5G<\/title>\n\n","aioseo_head_json":{"title":"CARD DE PROTEC\u021aIE 5G \u2013 Alb - Protec\u021bie Electrosmog 5G","description":"A telefon v\u00e9delme az elektrom\u00e1gneses szennyez\u0151d\u00e9st\u0151l","canonical_url":"https:\/\/protectieelectrosmog5g.ro\/hu\/termek\/card-de-protectie-5g-alb\/","robots":"max-image-preview:large","keywords":"","webmasterTools":{"miscellaneous":""},"schema":{"@context":"https:\/\/schema.org","@graph":[{"@type":"BreadcrumbList","@id":"https:\/\/protectieelectrosmog5g.ro\/hu\/termek\/card-de-protectie-5g-alb\/#breadcrumblist","itemListElement":[{"@type":"ListItem","@id":"https:\/\/protectieelectrosmog5g.ro\/hu#listItem","position":1,"name":"Home","item":"https:\/\/protectieelectrosmog5g.ro\/hu","nextItem":{"@type":"ListItem","@id":"https:\/\/protectieelectrosmog5g.ro\/hu\/produse\/#listItem","name":"Produse"}},{"@type":"ListItem","@id":"https:\/\/protectieelectrosmog5g.ro\/hu\/produse\/#listItem","position":2,"name":"Produse","item":"https:\/\/protectieelectrosmog5g.ro\/hu\/produse\/","nextItem":{"@type":"ListItem","@id":"https:\/\/protectieelectrosmog5g.ro\/hu\/termekkategoria\/protectie-5g\/#listItem","name":"Protec\u021bie 5G"},"previousItem":{"@type":"ListItem","@id":"https:\/\/protectieelectrosmog5g.ro\/hu#listItem","name":"Home"}},{"@type":"ListItem","@id":"https:\/\/protectieelectrosmog5g.ro\/hu\/termekkategoria\/protectie-5g\/#listItem","position":3,"name":"Protec\u021bie 5G","item":"https:\/\/protectieelectrosmog5g.ro\/hu\/termekkategoria\/protectie-5g\/","nextItem":{"@type":"ListItem","@id":"https:\/\/protectieelectrosmog5g.ro\/hu\/termek\/card-de-protectie-5g-alb\/#listItem","name":"CARD DE PROTEC\u021aIE 5G &#8211; Alb"},"previousItem":{"@type":"ListItem","@id":"https:\/\/protectieelectrosmog5g.ro\/hu\/produse\/#listItem","name":"Produse"}},{"@type":"ListItem","@id":"https:\/\/protectieelectrosmog5g.ro\/hu\/termek\/card-de-protectie-5g-alb\/#listItem","position":4,"name":"CARD DE PROTEC\u021aIE 5G &#8211; Alb","previousItem":{"@type":"ListItem","@id":"https:\/\/protectieelectrosmog5g.ro\/hu\/termekkategoria\/protectie-5g\/#listItem","name":"Protec\u021bie 5G"}}]},{"@type":"Organization","@id":"https:\/\/protectieelectrosmog5g.ro\/hu\/#organization","name":"Protec\u021bie Electrosmog 5G","url":"https:\/\/protectieelectrosmog5g.ro\/hu\/","telephone":"+40744546407","sameAs":["https:\/\/www.facebook.com\/HepigenetixRomania","https:\/\/www.instagram.com\/hepigenetix\/"]},{"@type":"Product","@id":"https:\/\/protectieelectrosmog5g.ro\/hu\/termek\/card-de-protectie-5g-alb\/#wooCommerceProduct","name":"CARD DE PROTEC\u021aIE 5G - Alb","description":"Protec\u021bia telefonului de poluare electromagnetica","url":"https:\/\/protectieelectrosmog5g.ro\/hu\/termek\/card-de-protectie-5g-alb\/","image":{"@type":"ImageObject","url":"https:\/\/protectieelectrosmog5g.ro\/wp-content\/uploads\/2024\/11\/5gsavecard-white_small.png","@id":"https:\/\/protectieelectrosmog5g.ro\/hu\/termek\/card-de-protectie-5g-alb\/#productImage","width":500,"height":500,"caption":"CARD DE PROTEC\u021aIE 5G \u2013 Alb"},"offers":{"@type":"Offer","url":"https:\/\/protectieelectrosmog5g.ro\/hu\/termek\/card-de-protectie-5g-alb\/#wooCommerceOffer","price":1000,"priceCurrency":"RON","category":"Protec\u021bie 5G","availability":"https:\/\/schema.org\/InStock","priceSpecification":{"@type":"PriceSpecification","price":1000,"priceCurrency":"RON","valueAddedTaxIncluded":"true"},"seller":{"@type":"Organization","@id":"https:\/\/protectieelectrosmog5g.ro\/hu\/#organization"}}},{"@type":"WebPage","@id":"https:\/\/protectieelectrosmog5g.ro\/hu\/termek\/card-de-protectie-5g-alb\/#webpage","url":"https:\/\/protectieelectrosmog5g.ro\/hu\/termek\/card-de-protectie-5g-alb\/","name":"CARD DE PROTEC\u021aIE 5G \u2013 Alb - Protec\u021bie Electrosmog 5G","description":"Protec\u021bia telefonului de poluare electromagnetica","inLanguage":"hu-HU","isPartOf":{"@id":"https:\/\/protectieelectrosmog5g.ro\/hu\/#website"},"breadcrumb":{"@id":"https:\/\/protectieelectrosmog5g.ro\/hu\/termek\/card-de-protectie-5g-alb\/#breadcrumblist"},"image":{"@type":"ImageObject","url":"https:\/\/protectieelectrosmog5g.ro\/wp-content\/uploads\/2024\/11\/5gsavecard-white_small.png","@id":"https:\/\/protectieelectrosmog5g.ro\/hu\/termek\/card-de-protectie-5g-alb\/#mainImage","width":500,"height":500,"caption":"CARD DE PROTEC\u021aIE 5G \u2013 Alb"},"primaryImageOfPage":{"@id":"https:\/\/protectieelectrosmog5g.ro\/hu\/termek\/card-de-protectie-5g-alb\/#mainImage"},"datePublished":"2024-11-27T15:20:35+02:00","dateModified":"2026-03-23T16:18:27+02:00"},{"@type":"WebSite","@id":"https:\/\/protectieelectrosmog5g.ro\/hu\/#website","url":"https:\/\/protectieelectrosmog5g.ro\/hu\/","name":"Protec\u021bie Electrosmog 5G","inLanguage":"hu-HU","publisher":{"@id":"https:\/\/protectieelectrosmog5g.ro\/hu\/#organization"}}]},"og:locale":"hu_HU","og:site_name":"Protec\u021bie Electrosmog 5G -","og:type":"article","og:title":"CARD DE PROTEC\u021aIE 5G \u2013 Alb - Protec\u021bie Electrosmog 5G","og:description":"Protec\u021bia telefonului de poluare electromagnetica","og:url":"https:\/\/protectieelectrosmog5g.ro\/hu\/termek\/card-de-protectie-5g-alb\/","article:published_time":"2024-11-27T13:20:35+00:00","article:modified_time":"2026-03-23T14:18:27+00:00","article:publisher":"https:\/\/www.facebook.com\/HepigenetixRomania","twitter:card":"summary_large_image","twitter:title":"CARD DE PROTEC\u021aIE 5G \u2013 Alb - Protec\u021bie Electrosmog 5G","twitter:description":"Protec\u021bia telefonului de poluare electromagnetica"},"aioseo_meta_data":{"post_id":"254","title":"#post_title #separator_sa #site_title","description":"#post_excerpt","keywords":null,"keyphrases":{"focus":{"keyphrase":"","score":0,"analysis":{"keyphraseInTitle":{"score":0,"maxScore":9,"error":1}}},"additional":[]},"primary_term":null,"canonical_url":null,"og_title":null,"og_description":null,"og_object_type":"default","og_image_type":"default","og_image_url":null,"og_image_width":null,"og_image_height":null,"og_image_custom_url":null,"og_image_custom_fields":null,"og_video":"","og_custom_url":null,"og_article_section":null,"og_article_tags":null,"twitter_use_og":false,"twitter_card":"default","twitter_image_type":"default","twitter_image_url":null,"twitter_image_custom_url":null,"twitter_image_custom_fields":null,"twitter_title":null,"twitter_description":null,"schema":{"blockGraphs":[],"customGraphs":[],"default":{"data":{"Article":[],"Course":[],"Dataset":[],"FAQPage":[],"Movie":[],"Person":[],"Product":[],"ProductReview":[],"Car":[],"Recipe":[],"Service":[],"SoftwareApplication":[],"WebPage":[]},"graphName":"Product","isEnabled":true},"graphs":[]},"schema_type":"default","schema_type_options":null,"pillar_content":false,"robots_default":true,"robots_noindex":false,"robots_noarchive":false,"robots_nosnippet":false,"robots_nofollow":false,"robots_noimageindex":false,"robots_noodp":false,"robots_notranslate":false,"robots_max_snippet":"-1","robots_max_videopreview":"-1","robots_max_imagepreview":"large","priority":null,"frequency":"default","local_seo":null,"seo_analyzer_scan_date":"2026-03-24 07:19:43","breadcrumb_settings":null,"limit_modified_date":false,"open_ai":"{\"title\":{\"suggestions\":[],\"usage\":0},\"description\":{\"suggestions\":[],\"usage\":0}}","ai":null,"created":"2025-02-12 10:03:34","updated":"2026-03-24 07:19:43"},"aioseo_breadcrumb":"<div class=\"aioseo-breadcrumbs\"><span class=\"aioseo-breadcrumb\">\n\t<a href=\"https:\/\/protectieelectrosmog5g.ro\/hu\" title=\"Home\">Home<\/a>\n<\/span><span class=\"aioseo-breadcrumb-separator\">&raquo;<\/span><span class=\"aioseo-breadcrumb\">\n\t<a href=\"https:\/\/protectieelectrosmog5g.ro\/hu\/produse\/\" title=\"Produse\">Produse<\/a>\n<\/span><span class=\"aioseo-breadcrumb-separator\">&raquo;<\/span><span class=\"aioseo-breadcrumb\">\n\t<a href=\"https:\/\/protectieelectrosmog5g.ro\/hu\/termekkategoria\/protectie-5g\/\" title=\"Protec\u021bie 5G\">Protec\u021bie 5G<\/a>\n<\/span><span class=\"aioseo-breadcrumb-separator\">&raquo;<\/span><span class=\"aioseo-breadcrumb\">\n\tCARD DE PROTEC\u021aIE 5G \u2013 Alb\n<\/span><\/div>","aioseo_breadcrumb_json":[{"label":"Home","link":"https:\/\/protectieelectrosmog5g.ro\/hu"},{"label":"Produse","link":"https:\/\/protectieelectrosmog5g.ro\/hu\/produse\/"},{"label":"Protec\u021bie 5G","link":"https:\/\/protectieelectrosmog5g.ro\/hu\/termekkategoria\/protectie-5g\/"},{"label":"CARD DE PROTEC\u021aIE 5G &#8211; Alb","link":"https:\/\/protectieelectrosmog5g.ro\/hu\/termek\/card-de-protectie-5g-alb\/"}],"_links":{"self":[{"href":"https:\/\/protectieelectrosmog5g.ro\/hu\/wp-json\/wp\/v2\/product\/254","targetHints":{"allow":["GET"]}}],"collection":[{"href":"https:\/\/protectieelectrosmog5g.ro\/hu\/wp-json\/wp\/v2\/product"}],"about":[{"href":"https:\/\/protectieelectrosmog5g.ro\/hu\/wp-json\/wp\/v2\/types\/product"}],"replies":[{"embeddable":true,"href":"https:\/\/protectieelectrosmog5g.ro\/hu\/wp-json\/wp\/v2\/comments?post=254"}],"wp:featuredmedia":[{"embeddable":true,"href":"https:\/\/protectieelectrosmog5g.ro\/hu\/wp-json\/wp\/v2\/media\/303"}],"wp:attachment":[{"href":"https:\/\/protectieelectrosmog5g.ro\/hu\/wp-json\/wp\/v2\/media?parent=254"}],"wp:term":[{"taxonomy":"product_brand","embeddable":true,"href":"https:\/\/protectieelectrosmog5g.ro\/hu\/wp-json\/wp\/v2\/product_brand?post=254"},{"taxonomy":"product_cat","embeddable":true,"href":"https:\/\/protectieelectrosmog5g.ro\/hu\/wp-json\/wp\/v2\/product_cat?post=254"},{"taxonomy":"product_tag","embeddable":true,"href":"https:\/\/protectieelectrosmog5g.ro\/hu\/wp-json\/wp\/v2\/product_tag?post=254"}],"curies":[{"name":"wp","href":"https:\/\/api.w.org\/{rel}","templated":true}]}}