{"id":147,"date":"2024-11-06T10:48:07","date_gmt":"2024-11-06T08:48:07","guid":{"rendered":"https:\/\/protectieelectrosmog5g.ro\/?post_type=product&#038;p=147"},"modified":"2026-03-23T16:19:47","modified_gmt":"2026-03-23T14:19:47","slug":"shs-relax-pt-birouri-mici-max-6-m%c2%b3-laptopuri-sisteme-wi-fi","status":"publish","type":"product","link":"https:\/\/protectieelectrosmog5g.ro\/hu\/termek\/shs-relax-pt-birouri-mici-max-6-m%c2%b3-laptopuri-sisteme-wi-fi\/","title":{"rendered":"SHS RELAX"},"content":{"rendered":"<div>\u00c1ltal\u00e1ban energikus, helyi v\u00e9delem, amit az \u00e1gyunk al\u00e1 helyez\u00fcnk. Cs\u00f6kkenti az elektrom\u00e1gneses sug\u00e1rz\u00e1s eg\u00e9szs\u00e9g\u00fcgyi kock\u00e1zatait. El\u0151nye, hogy utaz\u00e1skor hordozhat\u00f3 \u00e9s sz\u00e1llodai szob\u00e1ban is elhelyezhet\u0151.<\/div>\n<div>\n<div dir=\"auto\">Term\u00e9keink fejleszt\u00e9se sor\u00e1n kiemelt figyelmet ford\u00edtottunk a funkcion\u00e1lis terek, \u00edgy a nappali \u00e9s a h\u00e1l\u00f3szob\u00e1k v\u00e9delm\u00e9re. Id\u0151nk nagy r\u00e9sz\u00e9t ebben a k\u00f6rnyezetben t\u00f6ltj\u00fck, ide\u00e1lis esetben a test t\u00f6bbi r\u00e9sz\u00e9t tov\u00e1bb jav\u00edtja a kiegyens\u00falyozott k\u00f6rnyezet. Az alv\u00e1s min\u0151s\u00e9ge folyamatosan javul az SHS Relax haszn\u00e1lat\u00e1val.<\/div>\n<div dir=\"auto\"><\/div>\n<\/div>\n<p>Nagyon tiszta, kop\u00e1s\u00e1ll\u00f3, kr\u00f3mac\u00e9l, l\u00e9zergrav\u00edrozott kivitel.<\/p>\n<p>Hordozhat\u00f3.<\/p>\n<p>Magass\u00e1g: 9 mm; \u00c1tm\u00e9r\u0151: 118 mm<\/p>","protected":false},"excerpt":{"rendered":"<p>sz\u00e1m\u00e1ra kis irod\u00e1k \u2013 max. 6 m\u00b3 \u2013 laptopok, wi-fi rendszerek<\/p>","protected":false},"featured_media":326,"comment_status":"closed","ping_status":"closed","template":"","meta":[],"product_brand":[],"product_cat":[19],"product_tag":[17],"class_list":{"0":"post-147","1":"product","2":"type-product","3":"status-publish","4":"has-post-thumbnail","6":"product_cat-protectie-5g","7":"product_tag-protectie-5g","9":"first","10":"instock","11":"taxable","12":"shipping-taxable","13":"purchasable","14":"product-type-simple"},"aioseo_notices":[],"aioseo_head":"\n\t\t<!-- All in One SEO Pro 4.9.6 - aioseo.com -->\n\t<meta name=\"description\" content=\"pt. birouri mici \u2013 max. 6 m\u00b3 \u2013 laptopuri, sisteme wi-fi\" \/>\n\t<meta name=\"robots\" content=\"max-image-preview:large\" \/>\n\t<link rel=\"canonical\" href=\"https:\/\/protectieelectrosmog5g.ro\/hu\/termek\/shs-relax-pt-birouri-mici-max-6-m%c2%b3-laptopuri-sisteme-wi-fi\/\" \/>\n\t<meta name=\"generator\" content=\"All in One SEO Pro (AIOSEO) 4.9.6\" \/>\n\t\t<meta property=\"og:locale\" content=\"hu_HU\" \/>\n\t\t<meta property=\"og:site_name\" content=\"Protec\u021bie Electrosmog 5G -\" \/>\n\t\t<meta property=\"og:type\" content=\"article\" \/>\n\t\t<meta property=\"og:title\" content=\"SHS RELAX - Protec\u021bie Electrosmog 5G\" \/>\n\t\t<meta property=\"og:description\" content=\"pt. birouri mici \u2013 max. 6 m\u00b3 \u2013 laptopuri, sisteme wi-fi\" \/>\n\t\t<meta property=\"og:url\" content=\"https:\/\/protectieelectrosmog5g.ro\/hu\/termek\/shs-relax-pt-birouri-mici-max-6-m%c2%b3-laptopuri-sisteme-wi-fi\/\" \/>\n\t\t<meta property=\"article:published_time\" content=\"2024-11-06T08:48:07+00:00\" \/>\n\t\t<meta property=\"article:modified_time\" content=\"2026-03-23T14:19:47+00:00\" \/>\n\t\t<meta property=\"article:publisher\" content=\"https:\/\/www.facebook.com\/HepigenetixRomania\" \/>\n\t\t<meta name=\"twitter:card\" content=\"summary_large_image\" \/>\n\t\t<meta name=\"twitter:title\" content=\"SHS RELAX - Protec\u021bie Electrosmog 5G\" \/>\n\t\t<meta name=\"twitter:description\" content=\"pt. birouri mici \u2013 max. 6 m\u00b3 \u2013 laptopuri, sisteme wi-fi\" \/>\n\t\t<script type=\"application\/ld+json\" class=\"aioseo-schema\">\n\t\t\t{\"@context\":\"https:\\\/\\\/schema.org\",\"@graph\":[{\"@type\":\"BreadcrumbList\",\"@id\":\"https:\\\/\\\/protectieelectrosmog5g.ro\\\/hu\\\/termek\\\/shs-relax-pt-birouri-mici-max-6-m%c2%b3-laptopuri-sisteme-wi-fi\\\/#breadcrumblist\",\"itemListElement\":[{\"@type\":\"ListItem\",\"@id\":\"https:\\\/\\\/protectieelectrosmog5g.ro\\\/hu#listItem\",\"position\":1,\"name\":\"Home\",\"item\":\"https:\\\/\\\/protectieelectrosmog5g.ro\\\/hu\",\"nextItem\":{\"@type\":\"ListItem\",\"@id\":\"https:\\\/\\\/protectieelectrosmog5g.ro\\\/hu\\\/produse\\\/#listItem\",\"name\":\"Produse\"}},{\"@type\":\"ListItem\",\"@id\":\"https:\\\/\\\/protectieelectrosmog5g.ro\\\/hu\\\/produse\\\/#listItem\",\"position\":2,\"name\":\"Produse\",\"item\":\"https:\\\/\\\/protectieelectrosmog5g.ro\\\/hu\\\/produse\\\/\",\"nextItem\":{\"@type\":\"ListItem\",\"@id\":\"https:\\\/\\\/protectieelectrosmog5g.ro\\\/hu\\\/termekkategoria\\\/protectie-5g\\\/#listItem\",\"name\":\"Protec\\u021bie 5G\"},\"previousItem\":{\"@type\":\"ListItem\",\"@id\":\"https:\\\/\\\/protectieelectrosmog5g.ro\\\/hu#listItem\",\"name\":\"Home\"}},{\"@type\":\"ListItem\",\"@id\":\"https:\\\/\\\/protectieelectrosmog5g.ro\\\/hu\\\/termekkategoria\\\/protectie-5g\\\/#listItem\",\"position\":3,\"name\":\"Protec\\u021bie 5G\",\"item\":\"https:\\\/\\\/protectieelectrosmog5g.ro\\\/hu\\\/termekkategoria\\\/protectie-5g\\\/\",\"nextItem\":{\"@type\":\"ListItem\",\"@id\":\"https:\\\/\\\/protectieelectrosmog5g.ro\\\/hu\\\/termek\\\/shs-relax-pt-birouri-mici-max-6-m%c2%b3-laptopuri-sisteme-wi-fi\\\/#listItem\",\"name\":\"SHS  RELAX\"},\"previousItem\":{\"@type\":\"ListItem\",\"@id\":\"https:\\\/\\\/protectieelectrosmog5g.ro\\\/hu\\\/produse\\\/#listItem\",\"name\":\"Produse\"}},{\"@type\":\"ListItem\",\"@id\":\"https:\\\/\\\/protectieelectrosmog5g.ro\\\/hu\\\/termek\\\/shs-relax-pt-birouri-mici-max-6-m%c2%b3-laptopuri-sisteme-wi-fi\\\/#listItem\",\"position\":4,\"name\":\"SHS  RELAX\",\"previousItem\":{\"@type\":\"ListItem\",\"@id\":\"https:\\\/\\\/protectieelectrosmog5g.ro\\\/hu\\\/termekkategoria\\\/protectie-5g\\\/#listItem\",\"name\":\"Protec\\u021bie 5G\"}}]},{\"@type\":\"Organization\",\"@id\":\"https:\\\/\\\/protectieelectrosmog5g.ro\\\/hu\\\/#organization\",\"name\":\"Protec\\u021bie Electrosmog 5G\",\"url\":\"https:\\\/\\\/protectieelectrosmog5g.ro\\\/hu\\\/\",\"telephone\":\"+40744546407\",\"sameAs\":[\"https:\\\/\\\/www.facebook.com\\\/HepigenetixRomania\",\"https:\\\/\\\/www.instagram.com\\\/hepigenetix\\\/\"]},{\"@type\":\"Product\",\"@id\":\"https:\\\/\\\/protectieelectrosmog5g.ro\\\/hu\\\/termek\\\/shs-relax-pt-birouri-mici-max-6-m%c2%b3-laptopuri-sisteme-wi-fi\\\/#wooCommerceProduct\",\"name\":\"SHS  RELAX\",\"description\":\"pt. birouri mici \\u2013 max. 6 m\\u00b3 \\u2013 laptopuri, sisteme wi-fi\",\"url\":\"https:\\\/\\\/protectieelectrosmog5g.ro\\\/hu\\\/termek\\\/shs-relax-pt-birouri-mici-max-6-m%c2%b3-laptopuri-sisteme-wi-fi\\\/\",\"image\":{\"@type\":\"ImageObject\",\"url\":\"https:\\\/\\\/protectieelectrosmog5g.ro\\\/wp-content\\\/uploads\\\/2024\\\/11\\\/shs-mini-relax-04.jpg\",\"@id\":\"https:\\\/\\\/protectieelectrosmog5g.ro\\\/hu\\\/termek\\\/shs-relax-pt-birouri-mici-max-6-m%c2%b3-laptopuri-sisteme-wi-fi\\\/#productImage\",\"width\":526,\"height\":526,\"caption\":\"SHS Relax\"},\"offers\":{\"@type\":\"Offer\",\"url\":\"https:\\\/\\\/protectieelectrosmog5g.ro\\\/hu\\\/termek\\\/shs-relax-pt-birouri-mici-max-6-m%c2%b3-laptopuri-sisteme-wi-fi\\\/#wooCommerceOffer\",\"price\":5300,\"priceCurrency\":\"RON\",\"category\":\"Protec\\u021bie 5G\",\"availability\":\"https:\\\/\\\/schema.org\\\/InStock\",\"priceSpecification\":{\"@type\":\"PriceSpecification\",\"price\":5300,\"priceCurrency\":\"RON\",\"valueAddedTaxIncluded\":\"true\"},\"seller\":{\"@type\":\"Organization\",\"@id\":\"https:\\\/\\\/protectieelectrosmog5g.ro\\\/hu\\\/#organization\"}}},{\"@type\":\"WebPage\",\"@id\":\"https:\\\/\\\/protectieelectrosmog5g.ro\\\/hu\\\/termek\\\/shs-relax-pt-birouri-mici-max-6-m%c2%b3-laptopuri-sisteme-wi-fi\\\/#webpage\",\"url\":\"https:\\\/\\\/protectieelectrosmog5g.ro\\\/hu\\\/termek\\\/shs-relax-pt-birouri-mici-max-6-m%c2%b3-laptopuri-sisteme-wi-fi\\\/\",\"name\":\"SHS RELAX - Protec\\u021bie Electrosmog 5G\",\"description\":\"pt. birouri mici \\u2013 max. 6 m\\u00b3 \\u2013 laptopuri, sisteme wi-fi\",\"inLanguage\":\"hu-HU\",\"isPartOf\":{\"@id\":\"https:\\\/\\\/protectieelectrosmog5g.ro\\\/hu\\\/#website\"},\"breadcrumb\":{\"@id\":\"https:\\\/\\\/protectieelectrosmog5g.ro\\\/hu\\\/termek\\\/shs-relax-pt-birouri-mici-max-6-m%c2%b3-laptopuri-sisteme-wi-fi\\\/#breadcrumblist\"},\"image\":{\"@type\":\"ImageObject\",\"url\":\"https:\\\/\\\/protectieelectrosmog5g.ro\\\/wp-content\\\/uploads\\\/2024\\\/11\\\/shs-mini-relax-04.jpg\",\"@id\":\"https:\\\/\\\/protectieelectrosmog5g.ro\\\/hu\\\/termek\\\/shs-relax-pt-birouri-mici-max-6-m%c2%b3-laptopuri-sisteme-wi-fi\\\/#mainImage\",\"width\":526,\"height\":526,\"caption\":\"SHS Relax\"},\"primaryImageOfPage\":{\"@id\":\"https:\\\/\\\/protectieelectrosmog5g.ro\\\/hu\\\/termek\\\/shs-relax-pt-birouri-mici-max-6-m%c2%b3-laptopuri-sisteme-wi-fi\\\/#mainImage\"},\"datePublished\":\"2024-11-06T10:48:07+02:00\",\"dateModified\":\"2026-03-23T16:19:47+02:00\"},{\"@type\":\"WebSite\",\"@id\":\"https:\\\/\\\/protectieelectrosmog5g.ro\\\/hu\\\/#website\",\"url\":\"https:\\\/\\\/protectieelectrosmog5g.ro\\\/hu\\\/\",\"name\":\"Protec\\u021bie Electrosmog 5G\",\"inLanguage\":\"hu-HU\",\"publisher\":{\"@id\":\"https:\\\/\\\/protectieelectrosmog5g.ro\\\/hu\\\/#organization\"}}]}\n\t\t<\/script>\n\t\t<!-- All in One SEO Pro -->\r\n\t\t<title>SHS RELAX - Protec\u021bie Electrosmog 5G<\/title>\n\n","aioseo_head_json":{"title":"SHS RELAX - Protec\u021bie Electrosmog 5G","description":"sz\u00e1m\u00e1ra kis irod\u00e1k \u2013 max. 6 m\u00b3 \u2013 laptopok, wi-fi rendszerek","canonical_url":"https:\/\/protectieelectrosmog5g.ro\/hu\/termek\/shs-relax-pt-birouri-mici-max-6-m%c2%b3-laptopuri-sisteme-wi-fi\/","robots":"max-image-preview:large","keywords":"","webmasterTools":{"miscellaneous":""},"schema":{"@context":"https:\/\/schema.org","@graph":[{"@type":"BreadcrumbList","@id":"https:\/\/protectieelectrosmog5g.ro\/hu\/termek\/shs-relax-pt-birouri-mici-max-6-m%c2%b3-laptopuri-sisteme-wi-fi\/#breadcrumblist","itemListElement":[{"@type":"ListItem","@id":"https:\/\/protectieelectrosmog5g.ro\/hu#listItem","position":1,"name":"Home","item":"https:\/\/protectieelectrosmog5g.ro\/hu","nextItem":{"@type":"ListItem","@id":"https:\/\/protectieelectrosmog5g.ro\/hu\/produse\/#listItem","name":"Produse"}},{"@type":"ListItem","@id":"https:\/\/protectieelectrosmog5g.ro\/hu\/produse\/#listItem","position":2,"name":"Produse","item":"https:\/\/protectieelectrosmog5g.ro\/hu\/produse\/","nextItem":{"@type":"ListItem","@id":"https:\/\/protectieelectrosmog5g.ro\/hu\/termekkategoria\/protectie-5g\/#listItem","name":"Protec\u021bie 5G"},"previousItem":{"@type":"ListItem","@id":"https:\/\/protectieelectrosmog5g.ro\/hu#listItem","name":"Home"}},{"@type":"ListItem","@id":"https:\/\/protectieelectrosmog5g.ro\/hu\/termekkategoria\/protectie-5g\/#listItem","position":3,"name":"Protec\u021bie 5G","item":"https:\/\/protectieelectrosmog5g.ro\/hu\/termekkategoria\/protectie-5g\/","nextItem":{"@type":"ListItem","@id":"https:\/\/protectieelectrosmog5g.ro\/hu\/termek\/shs-relax-pt-birouri-mici-max-6-m%c2%b3-laptopuri-sisteme-wi-fi\/#listItem","name":"SHS  RELAX"},"previousItem":{"@type":"ListItem","@id":"https:\/\/protectieelectrosmog5g.ro\/hu\/produse\/#listItem","name":"Produse"}},{"@type":"ListItem","@id":"https:\/\/protectieelectrosmog5g.ro\/hu\/termek\/shs-relax-pt-birouri-mici-max-6-m%c2%b3-laptopuri-sisteme-wi-fi\/#listItem","position":4,"name":"SHS  RELAX","previousItem":{"@type":"ListItem","@id":"https:\/\/protectieelectrosmog5g.ro\/hu\/termekkategoria\/protectie-5g\/#listItem","name":"Protec\u021bie 5G"}}]},{"@type":"Organization","@id":"https:\/\/protectieelectrosmog5g.ro\/hu\/#organization","name":"Protec\u021bie Electrosmog 5G","url":"https:\/\/protectieelectrosmog5g.ro\/hu\/","telephone":"+40744546407","sameAs":["https:\/\/www.facebook.com\/HepigenetixRomania","https:\/\/www.instagram.com\/hepigenetix\/"]},{"@type":"Product","@id":"https:\/\/protectieelectrosmog5g.ro\/hu\/termek\/shs-relax-pt-birouri-mici-max-6-m%c2%b3-laptopuri-sisteme-wi-fi\/#wooCommerceProduct","name":"SHS  RELAX","description":"pt. birouri mici \u2013 max. 6 m\u00b3 \u2013 laptopuri, sisteme wi-fi","url":"https:\/\/protectieelectrosmog5g.ro\/hu\/termek\/shs-relax-pt-birouri-mici-max-6-m%c2%b3-laptopuri-sisteme-wi-fi\/","image":{"@type":"ImageObject","url":"https:\/\/protectieelectrosmog5g.ro\/wp-content\/uploads\/2024\/11\/shs-mini-relax-04.jpg","@id":"https:\/\/protectieelectrosmog5g.ro\/hu\/termek\/shs-relax-pt-birouri-mici-max-6-m%c2%b3-laptopuri-sisteme-wi-fi\/#productImage","width":526,"height":526,"caption":"SHS Relax"},"offers":{"@type":"Offer","url":"https:\/\/protectieelectrosmog5g.ro\/hu\/termek\/shs-relax-pt-birouri-mici-max-6-m%c2%b3-laptopuri-sisteme-wi-fi\/#wooCommerceOffer","price":5300,"priceCurrency":"RON","category":"Protec\u021bie 5G","availability":"https:\/\/schema.org\/InStock","priceSpecification":{"@type":"PriceSpecification","price":5300,"priceCurrency":"RON","valueAddedTaxIncluded":"true"},"seller":{"@type":"Organization","@id":"https:\/\/protectieelectrosmog5g.ro\/hu\/#organization"}}},{"@type":"WebPage","@id":"https:\/\/protectieelectrosmog5g.ro\/hu\/termek\/shs-relax-pt-birouri-mici-max-6-m%c2%b3-laptopuri-sisteme-wi-fi\/#webpage","url":"https:\/\/protectieelectrosmog5g.ro\/hu\/termek\/shs-relax-pt-birouri-mici-max-6-m%c2%b3-laptopuri-sisteme-wi-fi\/","name":"SHS RELAX - Protec\u021bie Electrosmog 5G","description":"pt. birouri mici \u2013 max. 6 m\u00b3 \u2013 laptopuri, sisteme wi-fi","inLanguage":"hu-HU","isPartOf":{"@id":"https:\/\/protectieelectrosmog5g.ro\/hu\/#website"},"breadcrumb":{"@id":"https:\/\/protectieelectrosmog5g.ro\/hu\/termek\/shs-relax-pt-birouri-mici-max-6-m%c2%b3-laptopuri-sisteme-wi-fi\/#breadcrumblist"},"image":{"@type":"ImageObject","url":"https:\/\/protectieelectrosmog5g.ro\/wp-content\/uploads\/2024\/11\/shs-mini-relax-04.jpg","@id":"https:\/\/protectieelectrosmog5g.ro\/hu\/termek\/shs-relax-pt-birouri-mici-max-6-m%c2%b3-laptopuri-sisteme-wi-fi\/#mainImage","width":526,"height":526,"caption":"SHS Relax"},"primaryImageOfPage":{"@id":"https:\/\/protectieelectrosmog5g.ro\/hu\/termek\/shs-relax-pt-birouri-mici-max-6-m%c2%b3-laptopuri-sisteme-wi-fi\/#mainImage"},"datePublished":"2024-11-06T10:48:07+02:00","dateModified":"2026-03-23T16:19:47+02:00"},{"@type":"WebSite","@id":"https:\/\/protectieelectrosmog5g.ro\/hu\/#website","url":"https:\/\/protectieelectrosmog5g.ro\/hu\/","name":"Protec\u021bie Electrosmog 5G","inLanguage":"hu-HU","publisher":{"@id":"https:\/\/protectieelectrosmog5g.ro\/hu\/#organization"}}]},"og:locale":"hu_HU","og:site_name":"Protec\u021bie Electrosmog 5G -","og:type":"article","og:title":"SHS RELAX - Protec\u021bie Electrosmog 5G","og:description":"pt. birouri mici \u2013 max. 6 m\u00b3 \u2013 laptopuri, sisteme wi-fi","og:url":"https:\/\/protectieelectrosmog5g.ro\/hu\/termek\/shs-relax-pt-birouri-mici-max-6-m%c2%b3-laptopuri-sisteme-wi-fi\/","article:published_time":"2024-11-06T08:48:07+00:00","article:modified_time":"2026-03-23T14:19:47+00:00","article:publisher":"https:\/\/www.facebook.com\/HepigenetixRomania","twitter:card":"summary_large_image","twitter:title":"SHS RELAX - Protec\u021bie Electrosmog 5G","twitter:description":"pt. birouri mici \u2013 max. 6 m\u00b3 \u2013 laptopuri, sisteme wi-fi"},"aioseo_meta_data":{"post_id":"147","title":"#post_title #separator_sa #site_title","description":"#post_excerpt","keywords":null,"keyphrases":null,"primary_term":null,"canonical_url":null,"og_title":null,"og_description":null,"og_object_type":"default","og_image_type":"default","og_image_url":null,"og_image_width":null,"og_image_height":null,"og_image_custom_url":null,"og_image_custom_fields":null,"og_video":null,"og_custom_url":null,"og_article_section":null,"og_article_tags":null,"twitter_use_og":false,"twitter_card":"default","twitter_image_type":"default","twitter_image_url":null,"twitter_image_custom_url":null,"twitter_image_custom_fields":null,"twitter_title":null,"twitter_description":null,"schema":{"blockGraphs":[],"customGraphs":[],"default":{"data":{"Article":[],"Course":[],"Dataset":[],"FAQPage":[],"Movie":[],"Person":[],"Product":[],"ProductReview":[],"Car":[],"Recipe":[],"Service":[],"SoftwareApplication":[],"WebPage":[]},"graphName":"","isEnabled":true},"graphs":[]},"schema_type":"default","schema_type_options":null,"pillar_content":false,"robots_default":true,"robots_noindex":false,"robots_noarchive":false,"robots_nosnippet":false,"robots_nofollow":false,"robots_noimageindex":false,"robots_noodp":false,"robots_notranslate":false,"robots_max_snippet":null,"robots_max_videopreview":null,"robots_max_imagepreview":"large","priority":null,"frequency":null,"local_seo":null,"seo_analyzer_scan_date":"2026-03-24 07:03:47","breadcrumb_settings":null,"limit_modified_date":false,"open_ai":null,"ai":null,"created":"2025-02-12 10:03:34","updated":"2026-03-24 07:03:47"},"aioseo_breadcrumb":"<div class=\"aioseo-breadcrumbs\"><span class=\"aioseo-breadcrumb\">\n\t<a href=\"https:\/\/protectieelectrosmog5g.ro\/hu\" title=\"Home\">Home<\/a>\n<\/span><span class=\"aioseo-breadcrumb-separator\">&raquo;<\/span><span class=\"aioseo-breadcrumb\">\n\t<a href=\"https:\/\/protectieelectrosmog5g.ro\/hu\/produse\/\" title=\"Produse\">Produse<\/a>\n<\/span><span class=\"aioseo-breadcrumb-separator\">&raquo;<\/span><span class=\"aioseo-breadcrumb\">\n\t<a href=\"https:\/\/protectieelectrosmog5g.ro\/hu\/termekkategoria\/protectie-5g\/\" title=\"Protec\u021bie 5G\">Protec\u021bie 5G<\/a>\n<\/span><span class=\"aioseo-breadcrumb-separator\">&raquo;<\/span><span class=\"aioseo-breadcrumb\">\n\tSHS  RELAX\n<\/span><\/div>","aioseo_breadcrumb_json":[{"label":"Home","link":"https:\/\/protectieelectrosmog5g.ro\/hu"},{"label":"Produse","link":"https:\/\/protectieelectrosmog5g.ro\/hu\/produse\/"},{"label":"Protec\u021bie 5G","link":"https:\/\/protectieelectrosmog5g.ro\/hu\/termekkategoria\/protectie-5g\/"},{"label":"SHS  RELAX","link":"https:\/\/protectieelectrosmog5g.ro\/hu\/termek\/shs-relax-pt-birouri-mici-max-6-m%c2%b3-laptopuri-sisteme-wi-fi\/"}],"_links":{"self":[{"href":"https:\/\/protectieelectrosmog5g.ro\/hu\/wp-json\/wp\/v2\/product\/147","targetHints":{"allow":["GET"]}}],"collection":[{"href":"https:\/\/protectieelectrosmog5g.ro\/hu\/wp-json\/wp\/v2\/product"}],"about":[{"href":"https:\/\/protectieelectrosmog5g.ro\/hu\/wp-json\/wp\/v2\/types\/product"}],"replies":[{"embeddable":true,"href":"https:\/\/protectieelectrosmog5g.ro\/hu\/wp-json\/wp\/v2\/comments?post=147"}],"wp:featuredmedia":[{"embeddable":true,"href":"https:\/\/protectieelectrosmog5g.ro\/hu\/wp-json\/wp\/v2\/media\/326"}],"wp:attachment":[{"href":"https:\/\/protectieelectrosmog5g.ro\/hu\/wp-json\/wp\/v2\/media?parent=147"}],"wp:term":[{"taxonomy":"product_brand","embeddable":true,"href":"https:\/\/protectieelectrosmog5g.ro\/hu\/wp-json\/wp\/v2\/product_brand?post=147"},{"taxonomy":"product_cat","embeddable":true,"href":"https:\/\/protectieelectrosmog5g.ro\/hu\/wp-json\/wp\/v2\/product_cat?post=147"},{"taxonomy":"product_tag","embeddable":true,"href":"https:\/\/protectieelectrosmog5g.ro\/hu\/wp-json\/wp\/v2\/product_tag?post=147"}],"curies":[{"name":"wp","href":"https:\/\/api.w.org\/{rel}","templated":true}]}}