{"id":3,"date":"2024-10-24T17:24:04","date_gmt":"2024-10-24T17:24:04","guid":{"rendered":"https:\/\/protectieelectrosmog5g.ro\/?page_id=3"},"modified":"2024-11-29T13:57:08","modified_gmt":"2024-11-29T11:57:08","slug":"termeni-si-conditii","status":"publish","type":"page","link":"https:\/\/protectieelectrosmog5g.ro\/hu\/termeni-si-conditii\/","title":{"rendered":"\u00c1ltal\u00e1nos Szerz\u0151d\u00e9si Felt\u00e9telek"},"content":{"rendered":"<h2 class=\"wp-block-heading\">\u00c1ltal\u00e1nos Szerz\u0151d\u00e9si Felt\u00e9telek<\/h2>\n\n\n\n<p>\u00dcdv\u00f6z\u00f6lj\u00fck a weboldalon<a href=\"https:\/\/hepigenetix.ro\/\"> <\/a><a href=\"https:\/\/protectieelectrosmog5g.ro\/hu\/\">https:\/\/protectieelectrosmog5g.ro\/<\/a>. K\u00e9rj\u00fck, figyelmesen olvassa el a haszn\u00e1lati felt\u00e9teleket a weboldal haszn\u00e1lata el\u0151tt. Weboldalunk megnyit\u00e1s\u00e1val vagy haszn\u00e1lat\u00e1val \u00d6n elfogadja ezeket a felt\u00e9teleket. Ha nem \u00e9rt egyet ezekkel a felt\u00e9telekkel, k\u00e9rj\u00fck, ne haszn\u00e1lja weboldalunkat.<\/p>\n\n\n\n<h2 class=\"wp-block-heading\">1. \u00c1ltal\u00e1nos inform\u00e1ci\u00f3k<\/h2>\n\n\n\n<p>Weboldal <a href=\"https:\/\/protectieelectrosmog5g.ro\/hu\/\">https:\/\/protectieelectrosmog5g.ro<\/a> a HEPIGENETIX SRL, Rom\u00e1ni\u00e1ban bejegyzett c\u00e9g vezeti, sz\u00e9khelye Nagyv\u00e1rad, Strada Anatole France 41, telefon +40 744 546 407, e-mail:&nbsp;<a>contact@hepigenetix.ro<\/a>.<\/p>\n\n\n\n<h2 class=\"wp-block-heading\">2. A weboldal haszn\u00e1lata<\/h2>\n\n\n\n<p>a)&nbsp;<strong>Jogosults\u00e1g<\/strong>: Az oldal haszn\u00e1lat\u00e1hoz legal\u00e1bb 18 \u00e9vesnek kell lennie, vagy feln\u0151tt fel\u00fcgyelete alatt kell \u00e1llnia.<\/p>\n\n\n\n<p>b)&nbsp;<strong>Felhaszn\u00e1l\u00f3i k\u00f6telezetts\u00e9gek<\/strong>: \u00d6n felel\u0151s a bejelentkez\u00e9si adatainak bizalmas kezel\u00e9s\u00e9\u00e9rt \u00e9s minden olyan tev\u00e9kenys\u00e9g\u00e9rt, amely a fi\u00f3kja alatt t\u00f6rt\u00e9nik.<\/p>\n\n\n\n<p>c)&nbsp;<strong>korl\u00e1toz\u00e1s<\/strong>: Tilos az oldal haszn\u00e1lata illeg\u00e1lis, s\u00e9rt\u0151, r\u00e1galmaz\u00f3 vagy m\u00e1sok jogait s\u00e9rt\u0151 tartalom terjeszt\u00e9s\u00e9re.<\/p>\n\n\n\n<h2 class=\"wp-block-heading\">3. Szellemi tulajdonjogok<\/h2>\n\n\n\n<p>Az oldal tartalma, bele\u00e9rtve, de nem kiz\u00e1r\u00f3lagosan a sz\u00f6veget, k\u00e9peket, log\u00f3kat \u00e9s diz\u00e1jnt, a HEPIGENETIX SRL vagy partnerei tulajdon\u00e1t k\u00e9pezi, \u00e9s szerz\u0151i jogi t\u00f6rv\u00e9nyek v\u00e9dik. Szigor\u00faan tilos ennek a tartalomnak a jogosulatlan felhaszn\u00e1l\u00e1sa.<\/p>\n\n\n\n<h2 class=\"wp-block-heading\">4. Megrendel\u00e9sek \u00e9s fizet\u00e9sek<\/h2>\n\n\n\n<p>a)&nbsp;<strong>Term\u00e9kek rendel\u00e9se<\/strong>: A weboldalunkon leadott rendel\u00e9ssel \u00d6n elfogadja a megjelen\u00edtett \u00e1rakat \u00e9s felt\u00e9teleket. Fenntartjuk a jogot, hogy az \u00e1rakat el\u0151zetes \u00e9rtes\u00edt\u00e9s n\u00e9lk\u00fcl b\u00e1rmikor megv\u00e1ltoztassuk.<\/p>\n\n\n\n<p>b)&nbsp;<strong>Fizet\u00e9s<\/strong>: Fizetni az oldalon megadott m\u00f3dokon lehet. A megrendel\u00e9s feldolgoz\u00e1sa csak a fizet\u00e9s visszaigazol\u00e1sa ut\u00e1n kezd\u0151dik.<\/p>\n\n\n\n<h2 class=\"wp-block-heading\">5. Sz\u00e1ll\u00edt\u00e1si szab\u00e1lyzat<\/h2>\n\n\n\n<p>A megrendelt term\u00e9keket az \u00d6n \u00e1ltal megadott c\u00edmre sz\u00e1ll\u00edtjuk. a rendel\u00e9si folyamat sor\u00e1n. A becs\u00fclt sz\u00e1ll\u00edt\u00e1si id\u0151 a megrendel\u00e9skor lesz felt\u00fcntetve, de a term\u00e9k el\u00e9rhet\u0151s\u00e9g\u00e9t\u0151l \u00e9s az \u00d6n hely\u00e9t\u0151l f\u00fcgg\u0151en v\u00e1ltozhat.<\/p>\n\n\n\n<h2 class=\"wp-block-heading\">6. Visszak\u00fcld\u00e9si szab\u00e1lyzat<\/h2>\n\n\n\n<p>Ha nem el\u00e9gedett a v\u00e1s\u00e1rolt term\u00e9kkel, \u00fagy a kisz\u00e1ll\u00edt\u00e1st\u00f3l sz\u00e1m\u00edtott 14 napt\u00e1ri napon bel\u00fcl visszak\u00fcldheti a term\u00e9ket. A visszak\u00fcld\u00f6tt term\u00e9keknek a kisz\u00e1ll\u00edt\u00e1ssal megegyez\u0151 \u00e1llapotban kell lenni\u00fck, az eredeti csomagol\u00e1ssal \u00e9s minden tartoz\u00e9kkal egy\u00fctt. Tov\u00e1bbi r\u00e9szletek\u00e9rt tekintse meg visszak\u00fcld\u00e9si szab\u00e1lyzatunkat.<\/p>\n\n\n\n<h2 class=\"wp-block-heading\">7. A felel\u0151ss\u00e9g korl\u00e1toz\u00e1sa<\/h2>\n\n\n\n<p>A HEPIGENETIX SRL nem v\u00e1llal felel\u0151ss\u00e9get semmilyen k\u00f6zvetlen, k\u00f6zvetett, v\u00e9letlen vagy k\u00fcl\u00f6nleges k\u00e1r\u00e9rt, amely az oldal haszn\u00e1lat\u00e1b\u00f3l vagy haszn\u00e1lat\u00e1nak k\u00e9ptelens\u00e9g\u00e9b\u0151l ered.<\/p>\n\n\n\n<h2 class=\"wp-block-heading\">8. A felt\u00e9telek v\u00e1ltoz\u00e1sai<\/h2>\n\n\n\n<p>A HEPIGENETIX SRL fenntartja a jogot, hogy ezeket a felt\u00e9teleket b\u00e1rmikor, el\u0151zetes \u00e9rtes\u00edt\u00e9s n\u00e9lk\u00fcl m\u00f3dos\u00edtsa. Az oldal tov\u00e1bbi haszn\u00e1lata a v\u00e1ltoztat\u00e1sok ut\u00e1n a v\u00e1ltoztat\u00e1sok elfogad\u00e1s\u00e1t jelenti.<\/p>\n\n\n\n<h2 class=\"wp-block-heading\">9. Titoktart\u00e1s<\/h2>\n\n\n\n<p>Adatv\u00e9delmi szab\u00e1lyzatunk, amely le\u00edrja, hogyan gy\u0171jtj\u00fck, haszn\u00e1ljuk \u00e9s v\u00e9dj\u00fck az \u00d6n adatait. szem\u00e9lyes, egyeztethet\u0151&nbsp;<a>itt<\/a>.<\/p>\n\n\n\n<h2 class=\"wp-block-heading\">10. Alkalmazand\u00f3 jog<\/h2>\n\n\n\n<p>Ezekre a felt\u00e9telekre Rom\u00e1nia t\u00f6rv\u00e9nyei vonatkoznak, \u00e9s azok \u00e9rtelmez\u00e9s\u00e9re vonatkoznak. Az esetleges vit\u00e1kat az illet\u00e9kes nagyv\u00e1radi b\u00edr\u00f3s\u00e1gok rendezik.<\/p>\n\n\n\n<h2 class=\"wp-block-heading\">11. Kapcsolat<\/h2>\n\n\n\n<p>Ha b\u00e1rmilyen k\u00e9rd\u00e9se vagy agg\u00e1lya van a jelen \u00c1ltal\u00e1nos Szerz\u0151d\u00e9si Felt\u00e9telekkel kapcsolatban, k\u00e9rj\u00fck, l\u00e9pjen kapcsolatba vel\u00fcnk a k\u00f6vetkez\u0151 c\u00edmen:<\/p>\n\n\n\n<p>HEPIGENETIX SRL CUI RO43206137; J05\/1911\/2020<br>Anatole France utca 41., Nagyv\u00e1rad, Rom\u00e1nia<br>Telefon: +40 744 546 407<br>Email:\u00a0<a>contact@hepigenetix.ro<\/a><\/p>","protected":false},"excerpt":{"rendered":"<p>Termeni \u0219i Condi\u021bii Bine a\u021bi venit pe site-ul https:\/\/protectieelectrosmog5g.ro\/. V\u0103 rug\u0103m s\u0103 citi\u021bi cu aten\u021bie termenii \u0219i condi\u021biile de utilizare \u00eenainte de a folosi acest site. Acces\u00e2nd sau utiliz\u00e2nd site-ul nostru, sunte\u021bi de acord cu ace\u0219ti termeni \u0219i condi\u021bii. Dac\u0103 nu sunte\u021bi de acord cu ace\u0219ti termeni, v\u0103 rug\u0103m s\u0103 nu utiliza\u021bi site-ul nostru. 1. [&hellip;]<\/p>\n","protected":false},"author":1,"featured_media":0,"parent":0,"menu_order":0,"comment_status":"closed","ping_status":"closed","template":"","meta":{"footnotes":""},"class_list":["post-3","page","type-page","status-publish","hentry"],"aioseo_notices":[],"aioseo_head":"\n\t\t<!-- All in One SEO Pro 4.9.6 - aioseo.com -->\n\t<meta name=\"description\" content=\"Termeni \u0219i Condi\u021bii Bine a\u021bi venit pe site-ul https:\/\/protectieelectrosmog5g.ro\/. V\u0103 rug\u0103m s\u0103 citi\u021bi cu aten\u021bie termenii \u0219i condi\u021biile de utilizare \u00eenainte de a folosi acest site. Acces\u00e2nd sau utiliz\u00e2nd site-ul nostru, sunte\u021bi de acord cu ace\u0219ti termeni \u0219i condi\u021bii. Dac\u0103 nu sunte\u021bi de acord cu ace\u0219ti termeni, v\u0103 rug\u0103m s\u0103 nu utiliza\u021bi site-ul nostru. 1.\" \/>\n\t<meta name=\"robots\" content=\"max-image-preview:large\" \/>\n\t<link rel=\"canonical\" href=\"https:\/\/protectieelectrosmog5g.ro\/hu\/termeni-si-conditii\/\" \/>\n\t<meta name=\"generator\" content=\"All in One SEO Pro (AIOSEO) 4.9.6\" \/>\n\t\t<meta property=\"og:locale\" content=\"hu_HU\" \/>\n\t\t<meta property=\"og:site_name\" content=\"Protec\u021bie Electrosmog 5G -\" \/>\n\t\t<meta property=\"og:type\" content=\"article\" \/>\n\t\t<meta property=\"og:title\" content=\"Termeni \u0219i Condi\u021bii - Protec\u021bie Electrosmog 5G\" \/>\n\t\t<meta property=\"og:description\" content=\"Termeni \u0219i Condi\u021bii Bine a\u021bi venit pe site-ul https:\/\/protectieelectrosmog5g.ro\/. V\u0103 rug\u0103m s\u0103 citi\u021bi cu aten\u021bie termenii \u0219i condi\u021biile de utilizare \u00eenainte de a folosi acest site. Acces\u00e2nd sau utiliz\u00e2nd site-ul nostru, sunte\u021bi de acord cu ace\u0219ti termeni \u0219i condi\u021bii. Dac\u0103 nu sunte\u021bi de acord cu ace\u0219ti termeni, v\u0103 rug\u0103m s\u0103 nu utiliza\u021bi site-ul nostru. 1.\" \/>\n\t\t<meta property=\"og:url\" content=\"https:\/\/protectieelectrosmog5g.ro\/hu\/termeni-si-conditii\/\" \/>\n\t\t<meta property=\"article:published_time\" content=\"2024-10-24T17:24:04+00:00\" \/>\n\t\t<meta property=\"article:modified_time\" content=\"2024-11-29T11:57:08+00:00\" \/>\n\t\t<meta property=\"article:publisher\" content=\"https:\/\/www.facebook.com\/HepigenetixRomania\" \/>\n\t\t<meta name=\"twitter:card\" content=\"summary_large_image\" \/>\n\t\t<meta name=\"twitter:title\" content=\"Termeni \u0219i Condi\u021bii - Protec\u021bie Electrosmog 5G\" \/>\n\t\t<meta name=\"twitter:description\" content=\"Termeni \u0219i Condi\u021bii Bine a\u021bi venit pe site-ul https:\/\/protectieelectrosmog5g.ro\/. V\u0103 rug\u0103m s\u0103 citi\u021bi cu aten\u021bie termenii \u0219i condi\u021biile de utilizare \u00eenainte de a folosi acest site. Acces\u00e2nd sau utiliz\u00e2nd site-ul nostru, sunte\u021bi de acord cu ace\u0219ti termeni \u0219i condi\u021bii. Dac\u0103 nu sunte\u021bi de acord cu ace\u0219ti termeni, v\u0103 rug\u0103m s\u0103 nu utiliza\u021bi site-ul nostru. 1.\" \/>\n\t\t<script type=\"application\/ld+json\" class=\"aioseo-schema\">\n\t\t\t{\"@context\":\"https:\\\/\\\/schema.org\",\"@graph\":[{\"@type\":\"BreadcrumbList\",\"@id\":\"https:\\\/\\\/protectieelectrosmog5g.ro\\\/hu\\\/termeni-si-conditii\\\/#breadcrumblist\",\"itemListElement\":[{\"@type\":\"ListItem\",\"@id\":\"https:\\\/\\\/protectieelectrosmog5g.ro\\\/hu#listItem\",\"position\":1,\"name\":\"Home\",\"item\":\"https:\\\/\\\/protectieelectrosmog5g.ro\\\/hu\",\"nextItem\":{\"@type\":\"ListItem\",\"@id\":\"https:\\\/\\\/protectieelectrosmog5g.ro\\\/hu\\\/termeni-si-conditii\\\/#listItem\",\"name\":\"Termeni \\u0219i Condi\\u021bii\"}},{\"@type\":\"ListItem\",\"@id\":\"https:\\\/\\\/protectieelectrosmog5g.ro\\\/hu\\\/termeni-si-conditii\\\/#listItem\",\"position\":2,\"name\":\"Termeni \\u0219i Condi\\u021bii\",\"previousItem\":{\"@type\":\"ListItem\",\"@id\":\"https:\\\/\\\/protectieelectrosmog5g.ro\\\/hu#listItem\",\"name\":\"Home\"}}]},{\"@type\":\"Organization\",\"@id\":\"https:\\\/\\\/protectieelectrosmog5g.ro\\\/hu\\\/#organization\",\"name\":\"Protec\\u021bie Electrosmog 5G\",\"url\":\"https:\\\/\\\/protectieelectrosmog5g.ro\\\/hu\\\/\",\"telephone\":\"+40744546407\",\"sameAs\":[\"https:\\\/\\\/www.facebook.com\\\/HepigenetixRomania\",\"https:\\\/\\\/www.instagram.com\\\/hepigenetix\\\/\"]},{\"@type\":\"WebPage\",\"@id\":\"https:\\\/\\\/protectieelectrosmog5g.ro\\\/hu\\\/termeni-si-conditii\\\/#webpage\",\"url\":\"https:\\\/\\\/protectieelectrosmog5g.ro\\\/hu\\\/termeni-si-conditii\\\/\",\"name\":\"Termeni \\u0219i Condi\\u021bii - Protec\\u021bie Electrosmog 5G\",\"description\":\"Termeni \\u0219i Condi\\u021bii Bine a\\u021bi venit pe site-ul https:\\\/\\\/protectieelectrosmog5g.ro\\\/. V\\u0103 rug\\u0103m s\\u0103 citi\\u021bi cu aten\\u021bie termenii \\u0219i condi\\u021biile de utilizare \\u00eenainte de a folosi acest site. Acces\\u00e2nd sau utiliz\\u00e2nd site-ul nostru, sunte\\u021bi de acord cu ace\\u0219ti termeni \\u0219i condi\\u021bii. Dac\\u0103 nu sunte\\u021bi de acord cu ace\\u0219ti termeni, v\\u0103 rug\\u0103m s\\u0103 nu utiliza\\u021bi site-ul nostru. 1.\",\"inLanguage\":\"hu-HU\",\"isPartOf\":{\"@id\":\"https:\\\/\\\/protectieelectrosmog5g.ro\\\/hu\\\/#website\"},\"breadcrumb\":{\"@id\":\"https:\\\/\\\/protectieelectrosmog5g.ro\\\/hu\\\/termeni-si-conditii\\\/#breadcrumblist\"},\"datePublished\":\"2024-10-24T17:24:04+03:00\",\"dateModified\":\"2024-11-29T13:57:08+02:00\"},{\"@type\":\"WebSite\",\"@id\":\"https:\\\/\\\/protectieelectrosmog5g.ro\\\/hu\\\/#website\",\"url\":\"https:\\\/\\\/protectieelectrosmog5g.ro\\\/hu\\\/\",\"name\":\"Protec\\u021bie Electrosmog 5G\",\"inLanguage\":\"hu-HU\",\"publisher\":{\"@id\":\"https:\\\/\\\/protectieelectrosmog5g.ro\\\/hu\\\/#organization\"}}]}\n\t\t<\/script>\n\t\t<!-- All in One SEO Pro -->\r\n\t\t<title>Termeni \u0219i Condi\u021bii - Protec\u021bie Electrosmog 5G<\/title>\n\n","aioseo_head_json":{"title":"Termeni \u0219i Condi\u021bii - Protec\u021bie Electrosmog 5G","description":"Termeni \u0219i Condi\u021bii Bine a\u021bi venit pe site-ul https:\/\/protectieelectrosmog5g.ro\/. V\u0103 rug\u0103m s\u0103 citi\u021bi cu aten\u021bie termenii \u0219i condi\u021biile de utilizare \u00eenainte de a folosi acest site. Acces\u00e2nd sau utiliz\u00e2nd site-ul nostru, sunte\u021bi de acord cu ace\u0219ti termeni \u0219i condi\u021bii. Dac\u0103 nu sunte\u021bi de acord cu ace\u0219ti termeni, v\u0103 rug\u0103m s\u0103 nu utiliza\u021bi site-ul nostru. 1.","canonical_url":"https:\/\/protectieelectrosmog5g.ro\/hu\/termeni-si-conditii\/","robots":"max-image-preview:large","keywords":"","webmasterTools":{"miscellaneous":""},"schema":{"@context":"https:\/\/schema.org","@graph":[{"@type":"BreadcrumbList","@id":"https:\/\/protectieelectrosmog5g.ro\/hu\/termeni-si-conditii\/#breadcrumblist","itemListElement":[{"@type":"ListItem","@id":"https:\/\/protectieelectrosmog5g.ro\/hu#listItem","position":1,"name":"Home","item":"https:\/\/protectieelectrosmog5g.ro\/hu","nextItem":{"@type":"ListItem","@id":"https:\/\/protectieelectrosmog5g.ro\/hu\/termeni-si-conditii\/#listItem","name":"Termeni \u0219i Condi\u021bii"}},{"@type":"ListItem","@id":"https:\/\/protectieelectrosmog5g.ro\/hu\/termeni-si-conditii\/#listItem","position":2,"name":"Termeni \u0219i Condi\u021bii","previousItem":{"@type":"ListItem","@id":"https:\/\/protectieelectrosmog5g.ro\/hu#listItem","name":"Home"}}]},{"@type":"Organization","@id":"https:\/\/protectieelectrosmog5g.ro\/hu\/#organization","name":"Protec\u021bie Electrosmog 5G","url":"https:\/\/protectieelectrosmog5g.ro\/hu\/","telephone":"+40744546407","sameAs":["https:\/\/www.facebook.com\/HepigenetixRomania","https:\/\/www.instagram.com\/hepigenetix\/"]},{"@type":"WebPage","@id":"https:\/\/protectieelectrosmog5g.ro\/hu\/termeni-si-conditii\/#webpage","url":"https:\/\/protectieelectrosmog5g.ro\/hu\/termeni-si-conditii\/","name":"Termeni \u0219i Condi\u021bii - Protec\u021bie Electrosmog 5G","description":"Termeni \u0219i Condi\u021bii Bine a\u021bi venit pe site-ul https:\/\/protectieelectrosmog5g.ro\/. V\u0103 rug\u0103m s\u0103 citi\u021bi cu aten\u021bie termenii \u0219i condi\u021biile de utilizare \u00eenainte de a folosi acest site. Acces\u00e2nd sau utiliz\u00e2nd site-ul nostru, sunte\u021bi de acord cu ace\u0219ti termeni \u0219i condi\u021bii. Dac\u0103 nu sunte\u021bi de acord cu ace\u0219ti termeni, v\u0103 rug\u0103m s\u0103 nu utiliza\u021bi site-ul nostru. 1.","inLanguage":"hu-HU","isPartOf":{"@id":"https:\/\/protectieelectrosmog5g.ro\/hu\/#website"},"breadcrumb":{"@id":"https:\/\/protectieelectrosmog5g.ro\/hu\/termeni-si-conditii\/#breadcrumblist"},"datePublished":"2024-10-24T17:24:04+03:00","dateModified":"2024-11-29T13:57:08+02:00"},{"@type":"WebSite","@id":"https:\/\/protectieelectrosmog5g.ro\/hu\/#website","url":"https:\/\/protectieelectrosmog5g.ro\/hu\/","name":"Protec\u021bie Electrosmog 5G","inLanguage":"hu-HU","publisher":{"@id":"https:\/\/protectieelectrosmog5g.ro\/hu\/#organization"}}]},"og:locale":"hu_HU","og:site_name":"Protec\u021bie Electrosmog 5G -","og:type":"article","og:title":"Termeni \u0219i Condi\u021bii - Protec\u021bie Electrosmog 5G","og:description":"Termeni \u0219i Condi\u021bii Bine a\u021bi venit pe site-ul https:\/\/protectieelectrosmog5g.ro\/. V\u0103 rug\u0103m s\u0103 citi\u021bi cu aten\u021bie termenii \u0219i condi\u021biile de utilizare \u00eenainte de a folosi acest site. Acces\u00e2nd sau utiliz\u00e2nd site-ul nostru, sunte\u021bi de acord cu ace\u0219ti termeni \u0219i condi\u021bii. Dac\u0103 nu sunte\u021bi de acord cu ace\u0219ti termeni, v\u0103 rug\u0103m s\u0103 nu utiliza\u021bi site-ul nostru. 1.","og:url":"https:\/\/protectieelectrosmog5g.ro\/hu\/termeni-si-conditii\/","article:published_time":"2024-10-24T17:24:04+00:00","article:modified_time":"2024-11-29T11:57:08+00:00","article:publisher":"https:\/\/www.facebook.com\/HepigenetixRomania","twitter:card":"summary_large_image","twitter:title":"Termeni \u0219i Condi\u021bii - Protec\u021bie Electrosmog 5G","twitter:description":"Termeni \u0219i Condi\u021bii Bine a\u021bi venit pe site-ul https:\/\/protectieelectrosmog5g.ro\/. V\u0103 rug\u0103m s\u0103 citi\u021bi cu aten\u021bie termenii \u0219i condi\u021biile de utilizare \u00eenainte de a folosi acest site. Acces\u00e2nd sau utiliz\u00e2nd site-ul nostru, sunte\u021bi de acord cu ace\u0219ti termeni \u0219i condi\u021bii. Dac\u0103 nu sunte\u021bi de acord cu ace\u0219ti termeni, v\u0103 rug\u0103m s\u0103 nu utiliza\u021bi site-ul nostru. 1."},"aioseo_meta_data":{"post_id":"3","title":null,"description":null,"keywords":null,"keyphrases":null,"primary_term":null,"canonical_url":null,"og_title":null,"og_description":null,"og_object_type":"default","og_image_type":"default","og_image_url":null,"og_image_width":null,"og_image_height":null,"og_image_custom_url":null,"og_image_custom_fields":null,"og_video":null,"og_custom_url":null,"og_article_section":null,"og_article_tags":null,"twitter_use_og":false,"twitter_card":"default","twitter_image_type":"default","twitter_image_url":null,"twitter_image_custom_url":null,"twitter_image_custom_fields":null,"twitter_title":null,"twitter_description":null,"schema":{"blockGraphs":[],"customGraphs":[],"default":{"data":{"Article":[],"Course":[],"Dataset":[],"FAQPage":[],"Movie":[],"Person":[],"Product":[],"ProductReview":[],"Car":[],"Recipe":[],"Service":[],"SoftwareApplication":[],"WebPage":[]},"graphName":"","isEnabled":true},"graphs":[]},"schema_type":"default","schema_type_options":null,"pillar_content":false,"robots_default":true,"robots_noindex":false,"robots_noarchive":false,"robots_nosnippet":false,"robots_nofollow":false,"robots_noimageindex":false,"robots_noodp":false,"robots_notranslate":false,"robots_max_snippet":null,"robots_max_videopreview":null,"robots_max_imagepreview":"large","priority":null,"frequency":null,"local_seo":null,"seo_analyzer_scan_date":"2026-03-23 13:47:58","breadcrumb_settings":null,"limit_modified_date":false,"open_ai":null,"ai":null,"created":"2025-02-12 10:03:34","updated":"2026-03-23 14:17:33"},"aioseo_breadcrumb":"<div class=\"aioseo-breadcrumbs\"><span class=\"aioseo-breadcrumb\">\n\t<a href=\"https:\/\/protectieelectrosmog5g.ro\/hu\" title=\"Home\">Home<\/a>\n<\/span><span class=\"aioseo-breadcrumb-separator\">&raquo;<\/span><span class=\"aioseo-breadcrumb\">\n\tTermeni \u0219i Condi\u021bii\n<\/span><\/div>","aioseo_breadcrumb_json":[{"label":"Home","link":"https:\/\/protectieelectrosmog5g.ro\/hu"},{"label":"Termeni \u0219i Condi\u021bii","link":"https:\/\/protectieelectrosmog5g.ro\/hu\/termeni-si-conditii\/"}],"_links":{"self":[{"href":"https:\/\/protectieelectrosmog5g.ro\/hu\/wp-json\/wp\/v2\/pages\/3","targetHints":{"allow":["GET"]}}],"collection":[{"href":"https:\/\/protectieelectrosmog5g.ro\/hu\/wp-json\/wp\/v2\/pages"}],"about":[{"href":"https:\/\/protectieelectrosmog5g.ro\/hu\/wp-json\/wp\/v2\/types\/page"}],"author":[{"embeddable":true,"href":"https:\/\/protectieelectrosmog5g.ro\/hu\/wp-json\/wp\/v2\/users\/1"}],"replies":[{"embeddable":true,"href":"https:\/\/protectieelectrosmog5g.ro\/hu\/wp-json\/wp\/v2\/comments?post=3"}],"version-history":[{"count":3,"href":"https:\/\/protectieelectrosmog5g.ro\/hu\/wp-json\/wp\/v2\/pages\/3\/revisions"}],"predecessor-version":[{"id":394,"href":"https:\/\/protectieelectrosmog5g.ro\/hu\/wp-json\/wp\/v2\/pages\/3\/revisions\/394"}],"wp:attachment":[{"href":"https:\/\/protectieelectrosmog5g.ro\/hu\/wp-json\/wp\/v2\/media?parent=3"}],"curies":[{"name":"wp","href":"https:\/\/api.w.org\/{rel}","templated":true}]}}